{"id":1264,"date":"2017-01-31T10:49:25","date_gmt":"2017-01-31T09:49:25","guid":{"rendered":"http:\/\/www.camt.pl\/?page_id=1264"},"modified":"2021-07-26T08:37:33","modified_gmt":"2021-07-26T06:37:33","slug":"zespol","status":"publish","type":"page","link":"https:\/\/www.camt.pl\/index.php\/pl\/o-nas\/zespol\/","title":{"rendered":"Zesp\u00f3\u0142"},"content":{"rendered":"<p><\/p>\n<p><\/p><center><p><\/p>\n<h1><span style=\"font-weight: 400;\">Kierownictwo<\/span><\/h1>\n<p><\/p>\n<p><\/p><\/center><p><\/p>\n\n\n<hr class=\"wp-block-separator\"\/>\n\n\n\n<div class=\"wp-block-columns is-layout-flex wp-container-core-columns-is-layout-1 wp-block-columns-is-layout-flex\">\n<div class=\"wp-block-column is-layout-flow wp-block-column-is-layout-flow\">\n<div class=\"wp-block-image\"><figure class=\"aligncenter size-medium is-resized\"><img decoding=\"async\" src=\"https:\/\/www.camt.pl\/wp-content\/uploads\/2017\/12\/ECH-285x300.jpg\" alt=\"\" class=\"wp-image-1635\" width=\"250\" srcset=\"https:\/\/www.camt.pl\/wp-content\/uploads\/2017\/12\/ECH-285x300.jpg 285w, https:\/\/www.camt.pl\/wp-content\/uploads\/2017\/12\/ECH-768x808.jpg 768w, https:\/\/www.camt.pl\/wp-content\/uploads\/2017\/12\/ECH-974x1024.jpg 974w\" sizes=\"(max-width: 285px) 100vw, 285px\" \/><\/figure><\/div>\n<\/div>\n\n\n\n<div class=\"wp-block-column is-layout-flow wp-block-column-is-layout-flow\">\n<div class=\"wp-block-image\"><figure class=\"aligncenter size-medium is-resized\"><img decoding=\"async\" src=\"https:\/\/www.camt.pl\/wp-content\/uploads\/2017\/12\/TK-300x297.jpg\" alt=\"\" class=\"wp-image-1632\" width=\"250\" srcset=\"https:\/\/www.camt.pl\/wp-content\/uploads\/2017\/12\/TK-300x297.jpg 300w, https:\/\/www.camt.pl\/wp-content\/uploads\/2017\/12\/TK-150x150.jpg 150w, https:\/\/www.camt.pl\/wp-content\/uploads\/2017\/12\/TK-768x761.jpg 768w, https:\/\/www.camt.pl\/wp-content\/uploads\/2017\/12\/TK-1024x1015.jpg 1024w\" sizes=\"(max-width: 300px) 100vw, 300px\" \/><\/figure><\/div>\n<\/div>\n<\/div>\n\n\n\n<div class=\"wp-block-columns is-layout-flex wp-container-core-columns-is-layout-2 wp-block-columns-is-layout-flex\">\n<div class=\"wp-block-column is-layout-flow wp-block-column-is-layout-flow\">\n<p style=\"text-align: center;\"><span style=\"font-weight: 400;\">Prof. Edward Chlebus<\/span><\/p>\n<p style=\"text-align: center;\"><span style=\"font-weight: 400;\">Dyrektor CAMT <\/span><\/p>\n<p style=\"text-align: center;\"><a href=\"https:\/\/www.researchgate.net\/profile\/Edward-Chlebus\"><span style=\"font-weight: 400;\">ResearchGate<\/span><\/a> |&nbsp;<span style=\"font-weight: 400;\"><a href=\"https:\/\/orcid.org\/0000-0001-8322-6010\">ORCID<\/a><\/span><\/p>\n<\/div>\n\n\n\n<div class=\"wp-block-column is-layout-flow wp-block-column-is-layout-flow\">\n<p style=\"text-align: center;\"><span style=\"font-weight: 400;\">Dr hab. in\u017c. Tomasz Kurzynowski, prof. uczelni<\/span><\/p>\n<p style=\"text-align: center;\"><span style=\"font-weight: 400;\">Kierownik Katedry Technologii Laserowych, Automatyzacji i Organizacji Produkcji <\/span><\/p>\n<p style=\"text-align: center;\"><a href=\"https:\/\/www.researchgate.net\/profile\/Tomasz-Kurzynowski\"><span style=\"font-weight: 400;\">ResearchGate<\/span><\/a><span style=\"font-weight: 400;\"> | <\/span><a href=\"https:\/\/orcid.org\/0000-0003-0047-3986\"><span style=\"font-weight: 400;\">ORCID<\/span><\/a><\/p>\n<\/div>\n<\/div>\n\n\n\n<div class=\"wp-block-columns is-layout-flex wp-container-core-columns-is-layout-3 wp-block-columns-is-layout-flex\">\n<div class=\"wp-block-column is-layout-flow wp-block-column-is-layout-flow\">\n<h1 style=\"text-align: center;\"><span style=\"font-weight: 400;\">Zesp\u00f3\u0142 naukowo-dydaktyczny<\/span><\/h1>\n\n\n\n<p><\/p>\n<\/div>\n<\/div>\n\n\n\n<hr class=\"wp-block-separator\"\/>\n\n\n\n<div class=\"wp-block-columns is-layout-flex wp-container-core-columns-is-layout-4 wp-block-columns-is-layout-flex\">\n<div class=\"wp-block-column is-layout-flow wp-block-column-is-layout-flow\">\n<p style=\"text-align: right;\"><span style=\"font-weight: 400;\">Balashov Artem, doktorant<br><\/span><\/p>\n<p style=\"text-align: right;\"><span style=\"font-weight: 400;\">Bana\u015b Aleksander, doktorant (wdro\u017ceniowy)<br><\/span><\/p>\n<p style=\"text-align: right;\"><span style=\"font-weight: 400;\">B\u0119dza Tomasz, dr in\u017c., adiunkt<br><\/span><\/p>\n<p style=\"text-align: right;\"><span style=\"font-weight: 400;\">Boraty\u0144ski Tomasz dr in\u017c., adiunkt<br><\/span><\/p>\n<p style=\"text-align: right;\"><span style=\"font-weight: 400;\">Burduk Anna, dr hab. in\u017c., prof. uczelni<br><\/span><\/p>\n<p style=\"text-align: right;\"><span style=\"font-weight: 400;\">Cholewa Mariusz, dr in\u017c., adiunkt<br><\/span><\/p>\n<p style=\"text-align: right;\"><span style=\"font-weight: 400;\">Chrapek Krzysztof, dr in\u017c., adiunkt<br><\/span><\/p>\n<p style=\"text-align: right;\"><span style=\"font-weight: 400;\">Chrobot Jaros\u0142aw, dr in\u017c., adiunkt<br><\/span><\/p>\n<p style=\"text-align: right;\"><span style=\"font-weight: 400;\">Czajka Jacek, dr in\u017c., adiunkt <br><\/span><\/p>\n<p style=\"text-align: right;\"><span style=\"font-weight: 400;\">\u0106wik\u0142a Micha\u0142, asystent <br><\/span><\/p>\n<p style=\"text-align: right;\"><span style=\"font-weight: 400;\">Dyba\u0142a Bogdan, dr hab. in\u017c., prof. uczelni<\/span><\/p>\n<p style=\"text-align: right;\"><span style=\"font-weight: 400;\">Dziedzic Robert, dr in\u017c., adiunkt<\/span><\/p>\n<p style=\"text-align: right;\"><span style=\"font-weight: 400;\">Frankiewicz Mariusz, dr in\u017c., adiunkt<\/span><\/p>\n<p style=\"text-align: right;\"><span style=\"font-weight: 400;\">G\u0105bka Joanna, dr in\u017c., adiunkt<\/span><\/p>\n<p style=\"text-align: right;\"><span style=\"font-weight: 400;\">G\u00f3rski Piotr, dr in\u017c., adiunkt<\/span><\/p>\n<p style=\"text-align: right;\"><span style=\"font-weight: 400;\">Grochowska Emilia, doktorant&nbsp;<\/span><\/p>\n<p style=\"text-align: right;\"><span style=\"font-weight: 400;\">Gruber Piotr, doktorant \/ asystent<\/span><\/p>\n<p style=\"text-align: right;\"><span style=\"font-weight: 400;\">Gruber Konrad, asystent<\/span><\/p>\n<p style=\"text-align: right;\"><span style=\"font-weight: 400;\">Helman Joanna, dr in\u017c., adiunkt<\/span><\/p>\n<p style=\"text-align: right;\"><span style=\"font-weight: 400;\">Hoppe Viktoria, doktorant&nbsp;<\/span><\/p>\n<p style=\"text-align: right;\"><span style=\"font-weight: 400;\">Iskierka Grzegorz, asystent<\/span><\/p>\n<p style=\"text-align: right;\"><span style=\"font-weight: 400;\">I\u017cykowski Stanis\u0142aw, dr in\u017c. emeryt.<\/span><\/p>\n<p style=\"text-align: right;\"><span style=\"font-weight: 400;\">Jednor\u00f3g Adam, dr in\u017c., adiunkt<\/span><\/p>\n<p style=\"text-align: right;\"><span style=\"font-weight: 400;\">Jurewicz Piotr, asystent <br><\/span><\/p>\n<p style=\"text-align: right;\"><span style=\"font-weight: 400;\">Kasprowicz Marcin, specjalista<\/span><\/p>\n<p style=\"text-align: right;\"><span style=\"font-weight: 400;\">Karoluk Micha\u0142, asystent<\/span><\/p>\n<p style=\"text-align: right;\"><span style=\"font-weight: 400;\">K\u0119dzia Jakub, dr in\u017c., starszy referent techniczny<\/span><\/p>\n<p style=\"text-align: right;\"><span style=\"font-weight: 400;\">K\u0119szycki Dawid, doktorant<\/span><\/p>\n<p style=\"text-align: right;\"><span style=\"font-weight: 400;\">Kobiela Karol, asystent<\/span><\/p>\n<p style=\"text-align: right;\"><span style=\"font-weight: 400;\">Koch Tomasz, prof. dr hab. in\u017c., profesor<\/span><\/p>\n<p style=\"text-align: right;\"><span style=\"font-weight: 400;\">Kocha\u0144ska Joanna, asystent<\/span><\/p>\n<p style=\"text-align: right;\"><span style=\"font-weight: 400;\">Koenig Gustaw, asystent<\/span><\/p>\n<p style=\"text-align: right;\"><span style=\"font-weight: 400;\">Koruba Piotr, starszy referent techniczny<\/span><\/p>\n<\/div>\n\n\n\n<div class=\"wp-block-column is-layout-flow wp-block-column-is-layout-flow\">\n<p><span style=\"font-weight: 400;\">Kowalski Arkadiusz, dr hab. in\u017c., prof. uczelni<br><\/span><\/p>\n<p><span style=\"font-weight: 400;\">Krot Kamil, dr in\u017c., adiunkt<\/span><\/p>\n<p><span style=\"font-weight: 400;\">Krowicki Pawe\u0142, dr in\u017c., adiunkt<\/span><\/p>\n<p><span style=\"font-weight: 400;\">Krulak Maciej, doktorant<\/span><\/p>\n<p><span style=\"font-weight: 400;\">Ku\u017anicka Bogumi\u0142a, dr in\u017c., adiunkt<\/span><\/p>\n<p><span style=\"font-weight: 400;\">Lampa Piotr, asystent&nbsp;<\/span><\/p>\n<p><span style=\"font-weight: 400;\">Lampika \u0141ukasz, doktorant (wdro\u017ceniowy)<\/span><\/p>\n<p><span style=\"font-weight: 400;\">\u0141apczy\u0144ska Dagmara, doktorant\/ asystent<\/span><\/p>\n<p><span style=\"font-weight: 400;\">Madeja Marcin,&nbsp; dr in\u017c., adiunkt<\/span><\/p>\n<p><span style=\"font-weight: 400;\">Mazgajczyk Emilia, dr in\u017c., adiunkt<\/span><\/p>\n<p><span style=\"font-weight: 400;\">Molasy Mateusz, dr in\u017c., adiunkt<\/span><\/p>\n<p><span style=\"font-weight: 400;\">Mrzyg\u0142\u00f3d Mariusz, specjalista<\/span><\/p>\n<p><span style=\"font-weight: 400;\">Olejarczyk Micha\u0142, dr. in\u017c., adiunkt<\/span><\/p>\n<p><span style=\"font-weight: 400;\">Pawlak Andrzej, dr in\u017c., adiunkt<\/span><\/p>\n<p><span style=\"font-weight: 400;\">Poskart Bartosz, asystent<\/span><\/p>\n<p><span style=\"font-weight: 400;\">Radkiewicz Przemys\u0142aw, doktorant&nbsp;<\/span><\/p>\n<p><span style=\"font-weight: 400;\">Reiner Jacek, dr hab. in\u017c., prof. uczelni<\/span><\/p>\n<p><span style=\"font-weight: 400;\">Rosienkiewicz Maria, dr in\u017c., adiunkt<\/span><\/p>\n<p><span style=\"font-weight: 400;\">Rusi\u0144ska Ma\u0142gorzata, dr in\u017c., adiunkt<\/span><\/p>\n<p><span style=\"font-weight: 400;\">Rysi\u0144ska Dominika, dr in\u017c., asystent<\/span><\/p>\n<p><span style=\"font-weight: 400;\">Sawicki Piotr, doktorant (wdro\u017ceniowy)<\/span><\/p>\n<p><span style=\"font-weight: 400;\">Smolina Iryna, dr in\u017c., adiunkt<\/span><\/p>\n<p><span style=\"font-weight: 400;\">Stopyra Wojciech, asystent<\/span><\/p>\n<p><span style=\"font-weight: 400;\">Susz S\u0142awomir, dr in\u017c., adiunkt<\/span><\/p>\n<p><span style=\"font-weight: 400;\">Szaroleta Micha\u0142, asystent<\/span><\/p>\n<p><span style=\"font-weight: 400;\">Szczepa\u0144ski \u0141ukasz, doktorant<\/span><\/p>\n<p><span style=\"font-weight: 400;\">Szewczyk Rados\u0142aw, doktorant (wdro\u017ceniowy)<\/span><\/p>\n<p><span style=\"font-weight: 400;\">Szymczyk-Zi\u00f3\u0142kowska Patrycja, dr in\u017c., adiunkt<\/span><\/p>\n<p><span style=\"font-weight: 400;\">Telesi\u0144ski Boles\u0142aw, doktorant<\/span><\/p>\n<p><span style=\"font-weight: 400;\">Treter Grzegorz, asystent<\/span><\/p>\n<p><span style=\"font-weight: 400;\">Wo\u017ana Anna, dr in\u017c., adiunkt<\/span><\/p>\n<p><span style=\"font-weight: 400;\">Wygodzka Kamila, doktorant<\/span><\/p>\n<p><span style=\"font-weight: 400;\">Zakrzewski Adrian, dr in\u017c., adiunkt<\/span><\/p>\n<p><span style=\"font-weight: 400;\">Zi\u00f3\u0142kowski Grzegorz, dr in\u017c., adiunkt<\/span><\/p>\n<\/div>\n<\/div>\n\n\n\n<div class=\"wp-block-columns is-layout-flex wp-container-core-columns-is-layout-5 wp-block-columns-is-layout-flex\">\n<div class=\"wp-block-column is-layout-flow wp-block-column-is-layout-flow\">\n<h1 style=\"text-align: center;\"><span style=\"font-weight: 400;\">Zesp\u00f3\u0142 administracyjno-techniczny<\/span><\/h1>\n<p style=\"text-align: center;\"><span style=\"font-weight: 400;\">Bolewicz Piotr, starszy technik<\/span><\/p>\n<p style=\"text-align: center;\"><span style=\"font-weight: 400;\">Dzi\u0119cielska-Kosmyk Agnieszka, specjalista ds projekt\u00f3w<\/span><\/p>\n<p style=\"text-align: center;\"><span style=\"font-weight: 400;\">Gardy\u0144ska Aneta, specjalista ds projekt\u00f3w<\/span><\/p>\n<p style=\"text-align: center;\"><span style=\"font-weight: 400;\">Lubli\u0144ski Dymitr, specjalista<\/span><\/p>\n<p style=\"text-align: center;\"><span style=\"font-weight: 400;\">Mus Ewa, specjalista ds projekt\u00f3w<\/span><\/p>\n<p style=\"text-align: center;\">Stachera Ma\u0142gorzata, specjalista ds administracji<\/p>\n<\/div>\n<\/div>\n","protected":false},"excerpt":{"rendered":"<p>Kierownictwo Prof. Edward Chlebus Dyrektor CAMT ResearchGate |&nbsp;ORCID Dr hab. in\u017c. Tomasz Kurzynowski, prof. uczelni Kierownik Katedry Technologii Laserowych, Automatyzacji i Organizacji Produkcji ResearchGate | ORCID Zesp\u00f3\u0142 naukowo-dydaktyczny Balashov Artem, &#8230;<\/p>\n","protected":false},"author":1,"featured_media":1627,"parent":1321,"menu_order":0,"comment_status":"closed","ping_status":"closed","template":"template-fullwidth.php","meta":{"footnotes":""},"class_list":["post-1264","page","type-page","status-publish","has-post-thumbnail","hentry"],"_links":{"self":[{"href":"https:\/\/www.camt.pl\/index.php\/wp-json\/wp\/v2\/pages\/1264","targetHints":{"allow":["GET"]}}],"collection":[{"href":"https:\/\/www.camt.pl\/index.php\/wp-json\/wp\/v2\/pages"}],"about":[{"href":"https:\/\/www.camt.pl\/index.php\/wp-json\/wp\/v2\/types\/page"}],"author":[{"embeddable":true,"href":"https:\/\/www.camt.pl\/index.php\/wp-json\/wp\/v2\/users\/1"}],"replies":[{"embeddable":true,"href":"https:\/\/www.camt.pl\/index.php\/wp-json\/wp\/v2\/comments?post=1264"}],"version-history":[{"count":57,"href":"https:\/\/www.camt.pl\/index.php\/wp-json\/wp\/v2\/pages\/1264\/revisions"}],"predecessor-version":[{"id":2143,"href":"https:\/\/www.camt.pl\/index.php\/wp-json\/wp\/v2\/pages\/1264\/revisions\/2143"}],"up":[{"embeddable":true,"href":"https:\/\/www.camt.pl\/index.php\/wp-json\/wp\/v2\/pages\/1321"}],"wp:featuredmedia":[{"embeddable":true,"href":"https:\/\/www.camt.pl\/index.php\/wp-json\/wp\/v2\/media\/1627"}],"wp:attachment":[{"href":"https:\/\/www.camt.pl\/index.php\/wp-json\/wp\/v2\/media?parent=1264"}],"curies":[{"name":"wp","href":"https:\/\/api.w.org\/{rel}","templated":true}]}}