{"id":1321,"date":"2017-01-31T12:46:00","date_gmt":"2017-01-31T11:46:00","guid":{"rendered":"http:\/\/www.camt.pl\/?page_id=1321"},"modified":"2021-07-23T11:20:31","modified_gmt":"2021-07-23T09:20:31","slug":"o-nas","status":"publish","type":"page","link":"https:\/\/www.camt.pl\/index.php\/pl\/o-nas\/","title":{"rendered":"O CAMT"},"content":{"rendered":"\n<figure class=\"wp-block-embed is-type-video is-provider-youtube wp-block-embed-youtube wp-embed-aspect-16-9 wp-has-aspect-ratio\"><div class=\"wp-block-embed__wrapper\">\n<iframe loading=\"lazy\" title=\"Additive Manufacturing at CAMT, Wroclaw, Poland\" width=\"800\" height=\"450\" src=\"https:\/\/www.youtube.com\/embed\/Ck_CeD6LtQs?feature=oembed\" frameborder=\"0\" allow=\"accelerometer; autoplay; clipboard-write; encrypted-media; gyroscope; picture-in-picture\" allowfullscreen><\/iframe>\n<\/div><\/figure>\n\n\n<p style=\"text-align: justify;\">Jednostka badawcza CAMT (Centre for Advanced Manufacturing Technologies) powsta\u0142a w 2008 roku na Wydziale Mechanicznym Politechniki Wroc\u0142awskiej i wchodzi w sk\u0142ad mi\u0119dzynarodowego Centrum Badawczego Fraunhofer Project Center (FPC) utworzonego razem z Fraunhofer Gesellschaft z Drezna w obszarze technologii laserowych i przyrostowych. Wsp\u00f3lnie z zagranicznymi partnerami naukowymi, a tak\u017ce polskimi i zagranicznymi firmami z bran\u017cy motoryzacyjnej, lotniczej, medycznej i w zakresie przemys\u0142u 4.0 prowadzi badania w obszarze projektowania, rozwoju i aplikacji technologii laserowych, przyrostowych, specjalistycznych i hybrydowych. Bardzo \u015bcis\u0142a wsp\u00f3\u0142praca z przemys\u0142em pozwala na realizowanie projekt\u00f3w badawczych w konsorcjach krajowych i mi\u0119dzynarodowych \u2013 kilkana\u015bcie projekt\u00f3w w ramach FP6\/FP7, H2020 i Interreg oraz bezpo\u015brednio zlecanych z przemys\u0142u. CAMT mo\u017ce pochwali\u0107 si\u0119 ponad 20-letnim do\u015bwiadczeniem w obszarze technologii przyrostowych. Obecnie jest wiod\u0105c\u0105 jednostk\u0105 badawcz\u0105 zar\u00f3wno na terenie Dolnego \u015al\u0105sku, jak i w ca\u0142ym kraju. CAMT posiada ponad 30 patent\u00f3w i zg\u0142osze\u0144 patentowych, a tak\u017ce wiele wdro\u017ce\u0144 przemys\u0142owych, kt\u00f3re s\u0105 efektem intensywnej wsp\u00f3\u0142pracy z przemys\u0142em: m.in. USP Zdrowie, CHM, ABB, De Laval, DSSE, F\u0141T Kra\u015bnik, Grupa Apator, GKN, UTC Aerospace Systems, KGHM, Philips Lighting Poland, Sitech Polkowice, VW-Motor Polska, WABCO, Whirpool, Winkelnmann, WSK Rzesz\u00f3w, PZL Mielec, itd. oraz zagranicznymi: AX Form, Joke, Sitech, Stryker, itd.<\/p>\n<p>Kluczowe kompetencje CAMT:<\/p>\n<ul>\n<li style=\"list-style-type: none;\">\n<ul>\n<li style=\"list-style-type: none;\">\n<ul>\n<li style=\"list-style-type: none;\">\n<ul>\n<li style=\"font-weight: 400;\" aria-level=\"1\"><span style=\"font-weight: 400;\">Technologie przyrostowe (tzw. druk 3D)<\/span><\/li>\n<li style=\"font-weight: 400;\" aria-level=\"1\"><span style=\"font-weight: 400;\">Technologie powierzchniowe<\/span><\/li>\n<li style=\"font-weight: 400;\" aria-level=\"1\"><span style=\"font-weight: 400;\">Planowanie CAD \/ CAM \/ CNC<\/span><\/li>\n<li style=\"font-weight: 400;\" aria-level=\"1\"><span style=\"font-weight: 400;\">Zindywidualizowane implanty i rozwi\u0105zania w zakresie bioin\u017cynierii&nbsp;<\/span><\/li>\n<li style=\"font-weight: 400;\" aria-level=\"1\"><span style=\"font-weight: 400;\">In\u017cynieria odwrotna (Reverse Engineering &#8211; RE)<\/span><\/li>\n<li style=\"font-weight: 400;\" aria-level=\"1\"><span style=\"font-weight: 400;\">Techniczna tomografia komputerowa (CT)<\/span><\/li>\n<li style=\"font-weight: 400;\" aria-level=\"1\"><span style=\"font-weight: 400;\">Badania materia\u0142owe i wytrzyma\u0142o\u015bciowe<\/span><\/li>\n<li style=\"font-weight: 400;\" aria-level=\"1\"><span style=\"font-weight: 400;\">Badania z zakresu mechatroniki i system\u00f3w wizyjnych<\/span><\/li>\n<li style=\"font-weight: 400;\" aria-level=\"1\"><span style=\"font-weight: 400;\">Automatyzacja i robotyzacja system\u00f3w produkcyjnych<\/span><\/li>\n<li style=\"font-weight: 400;\" aria-level=\"1\"><span style=\"font-weight: 400;\">Digitalizacja obiekt\u00f3w fizycznych<\/span><\/li>\n<li style=\"font-weight: 400;\" aria-level=\"1\"><span style=\"font-weight: 400;\">Integracja rozwi\u0105za\u0144 IT do system\u00f3w produkcyjnych<\/span><\/li>\n<li style=\"font-weight: 400;\" aria-level=\"1\"><span style=\"font-weight: 400;\">Organizacja i optymalizacja system\u00f3w produkcyjnych<\/span><\/li>\n<li style=\"font-weight: 400;\" aria-level=\"1\"><span style=\"font-weight: 400;\">Doradztwo w obszarze rozwoju produktu<\/span><\/li>\n<li style=\"font-weight: 400;\" aria-level=\"1\"><span style=\"font-weight: 400;\">Szeroki zestaw szkole\u0144 i warsztat\u00f3w zar\u00f3wno w obszarze obs\u0142ugi oprogramowania wspomagaj\u0105cego prace in\u017cynierskie jak i z obszar\u00f3w zarz\u0105dzania przedsi\u0119biorstwem<\/span><\/li>\n<\/ul>\n<\/li>\n<\/ul>\n<\/li>\n<\/ul>\n<\/li>\n<\/ul>\n\n\n<p><\/p>\n","protected":false},"excerpt":{"rendered":"<p>Jednostka badawcza CAMT (Centre for Advanced Manufacturing Technologies) powsta\u0142a w 2008 roku na Wydziale Mechanicznym Politechniki Wroc\u0142awskiej i wchodzi w sk\u0142ad mi\u0119dzynarodowego Centrum Badawczego Fraunhofer Project Center (FPC) utworzonego razem &#8230;<\/p>\n","protected":false},"author":1,"featured_media":0,"parent":0,"menu_order":0,"comment_status":"closed","ping_status":"closed","template":"template-frontpage.php","meta":{"footnotes":""},"class_list":["post-1321","page","type-page","status-publish","hentry"],"_links":{"self":[{"href":"https:\/\/www.camt.pl\/index.php\/wp-json\/wp\/v2\/pages\/1321","targetHints":{"allow":["GET"]}}],"collection":[{"href":"https:\/\/www.camt.pl\/index.php\/wp-json\/wp\/v2\/pages"}],"about":[{"href":"https:\/\/www.camt.pl\/index.php\/wp-json\/wp\/v2\/types\/page"}],"author":[{"embeddable":true,"href":"https:\/\/www.camt.pl\/index.php\/wp-json\/wp\/v2\/users\/1"}],"replies":[{"embeddable":true,"href":"https:\/\/www.camt.pl\/index.php\/wp-json\/wp\/v2\/comments?post=1321"}],"version-history":[{"count":9,"href":"https:\/\/www.camt.pl\/index.php\/wp-json\/wp\/v2\/pages\/1321\/revisions"}],"predecessor-version":[{"id":2066,"href":"https:\/\/www.camt.pl\/index.php\/wp-json\/wp\/v2\/pages\/1321\/revisions\/2066"}],"wp:attachment":[{"href":"https:\/\/www.camt.pl\/index.php\/wp-json\/wp\/v2\/media?parent=1321"}],"curies":[{"name":"wp","href":"https:\/\/api.w.org\/{rel}","templated":true}]}}