{"id":1366,"date":"2017-01-31T14:45:50","date_gmt":"2017-01-31T13:45:50","guid":{"rendered":"http:\/\/www.camt.pl\/?page_id=1366"},"modified":"2022-12-12T10:15:09","modified_gmt":"2022-12-12T09:15:09","slug":"obszary-zainteresowan","status":"publish","type":"page","link":"https:\/\/www.camt.pl\/index.php\/pl\/obszary-zainteresowan\/","title":{"rendered":"Oferta"},"content":{"rendered":"<p align=\"justify\">Centrum zatrudnia wielu specjalist\u00f3w zajmuj\u0105cych si\u0119 r\u00f3\u017cnymi dziedzinami nauki, \u015bci\u015ble zwi\u0105zanymi z przemys\u0142em wytw\u00f3rczym. Nasze badania maj\u0105 na celu poprawienie lub wdro\u017cenie nowych innowacyjnych technologii. Mamy nadziej\u0119, \u017ce potencja\u0142 naukowy, nasze kompetencje oraz baza badawcza pozwol\u0105 Pa\u0144stwu podj\u0105\u0107 decyzj\u0119 o podj\u0119ciu wsp\u00f3\u0142pracy z nami.<\/p>\n<p align=\"justify\">Co oferujemy:<\/p>\n<ul>\n<li>Analiza i ocena w\u0142asno\u015bci materia\u0142\u00f3w, w tym: okre\u015blanie sk\u0142adu chemicznego metali i stop\u00f3w; mikroskopia elektronowa SEM; mikroskopia \u015bwietlana i laserowa (mikrostruktura, analiza powierzchni); badania twardo\u015bci i mikrotwardo\u015bci; przygotowanie pr\u00f3bek (inkludowanie, polerowanie, przecinanie); badania wytrzyma\u0142o\u015bciowe statyczne i dynamiczne (w tym, mo\u017cliwo\u015b\u0107 przeprowadzenia test\u00f3w w temperaturze obni\u017conej (do -150 \u00b0C) i podwy\u017cszonej (do 600 \u00b0C))<\/li>\n<li>Wytwarzanie i obr\u00f3bka materia\u0142\u00f3w ze stop\u00f3w metali oraz tworzyw sztucznych w technnologiach przyrostowych. Badania materia\u0142\u00f3w wsadowych do technologii przyrostowych, w tym proszk\u00f3w tworzyw sztucznych i metali<\/li>\n<li>Ekspertyzy poawaryjne \/ technologiczne i dob\u00f3r materia\u0142\u00f3w. Badania nieniszcz\u0105ce. Digitalizacja obiekt\u00f3w fizycznych metodami in\u017cynierii odwotnej oraz wysokorozdzielczej tomografii komputerowej<\/li>\n<li>Obr\u00f3bka cieplna stop\u00f3w metali, w tym w piecu pr\u00f3\u017cniowym (pr\u00f3\u017cnia 1*10^-5 mbar) wysokotemperaturowym (tempertura max. 1550 st. C \/ komora 300 x 300 x 400 mm)<\/li>\n<li>Badania technologiczne i opracowywanie nowych technologii obr\u00f3bki laserowej (napawanie, spawanie, ci\u0119cie, hartowanie, mikroobr\u00f3bka)<\/li>\n<li>Opracowywanie dedykowanych system\u00f3w widzenia i uczenia maszynowego (w tym AI) do kontroli jako\u015bci produkt\u00f3w , nadzorowania i sterowania proces\u00f3w (2D\/3D, multispektralne\/hiperspektralne, termowizyjne &#8211; pasywne\/aktywne)<\/li>\n<li>Multifizyczne badania symulacyjne (mechniczne, termiczne, przep\u0142ywy, materia\u0142owe, elektryczne, magnetyczne i optyczne) urz\u0105dze\u0144 i proces\u00f3w &#8211; wraz weryfikacj\u0105 eksperymentaln\u0105<\/li>\n<li>Wsparcie badawczo-rozwojowe podczas opracowywania nowych urzadze\u0144 i aparatury opto-mechatronicznej i laserowej<\/li>\n<li>Szkolenia i kursy w zakresie materia\u0142oznawstwa i technik diagnostycznych. Szkolenia i kursy w zakresie technologii przyrostowych (tzw. druk 3D) i projektowania<\/li>\n<li>Doradztwo w zakresie wdro\u017cenia technologii przyrostowych do przemys\u0142u oraz rozwoju nowego produktu. Opracowanie oraz reorganizacja istniej\u0105cych jak i nowych system\u00f3w produkcyjnych.<\/li>\n<\/ul>\n","protected":false},"excerpt":{"rendered":"<p>Centrum zatrudnia wielu specjalist\u00f3w zajmuj\u0105cych si\u0119 r\u00f3\u017cnymi dziedzinami nauki, \u015bci\u015ble zwi\u0105zanymi z przemys\u0142em wytw\u00f3rczym. Nasze badania maj\u0105 na celu poprawienie lub wdro\u017cenie nowych innowacyjnych technologii. Mamy nadziej\u0119, \u017ce potencja\u0142 naukowy, &#8230;<\/p>\n","protected":false},"author":1,"featured_media":1598,"parent":0,"menu_order":0,"comment_status":"closed","ping_status":"closed","template":"template-fullwidth.php","meta":{"footnotes":""},"class_list":["post-1366","page","type-page","status-publish","has-post-thumbnail","hentry"],"_links":{"self":[{"href":"https:\/\/www.camt.pl\/index.php\/wp-json\/wp\/v2\/pages\/1366","targetHints":{"allow":["GET"]}}],"collection":[{"href":"https:\/\/www.camt.pl\/index.php\/wp-json\/wp\/v2\/pages"}],"about":[{"href":"https:\/\/www.camt.pl\/index.php\/wp-json\/wp\/v2\/types\/page"}],"author":[{"embeddable":true,"href":"https:\/\/www.camt.pl\/index.php\/wp-json\/wp\/v2\/users\/1"}],"replies":[{"embeddable":true,"href":"https:\/\/www.camt.pl\/index.php\/wp-json\/wp\/v2\/comments?post=1366"}],"version-history":[{"count":16,"href":"https:\/\/www.camt.pl\/index.php\/wp-json\/wp\/v2\/pages\/1366\/revisions"}],"predecessor-version":[{"id":2395,"href":"https:\/\/www.camt.pl\/index.php\/wp-json\/wp\/v2\/pages\/1366\/revisions\/2395"}],"wp:featuredmedia":[{"embeddable":true,"href":"https:\/\/www.camt.pl\/index.php\/wp-json\/wp\/v2\/media\/1598"}],"wp:attachment":[{"href":"https:\/\/www.camt.pl\/index.php\/wp-json\/wp\/v2\/media?parent=1366"}],"curies":[{"name":"wp","href":"https:\/\/api.w.org\/{rel}","templated":true}]}}