{"id":1522,"date":"2017-02-01T12:26:18","date_gmt":"2017-02-01T11:26:18","guid":{"rendered":"http:\/\/www.camt.pl\/?page_id=1522"},"modified":"2022-08-16T13:04:53","modified_gmt":"2022-08-16T11:04:53","slug":"branza-lotnicza","status":"publish","type":"page","link":"https:\/\/www.camt.pl\/index.php\/pl\/branza-lotnicza\/","title":{"rendered":"Bran\u017ca lotnicza"},"content":{"rendered":"<h5>Projekty z bran\u017cy lotniczej zrealizaowane w jednostce<\/h5>\n<hr \/>\n<h3>2018<\/h3>\n<div class=\"bg-margin-for-link\"><input type='hidden' bg_collapse_expand='69f8adc60144b9048168685' value='69f8adc60144b9048168685'><input type='hidden' id='bg-show-more-text-69f8adc60144b9048168685' value='Opracowanie innowacyjnej technologii wytwarzania z\u0142o\u017conych geometrycznie, cienko\u015bciennych komponent\u00f3w silnik\u00f3w lotniczych ze stop\u00f3w na bazie niklu'><input type='hidden' id='bg-show-less-text-69f8adc60144b9048168685' value='Opracowanie innowacyjnej technologii wytwarzania z\u0142o\u017conych geometrycznie, cienko\u015bciennych komponent\u00f3w silnik\u00f3w lotniczych ze stop\u00f3w na bazie niklu'><a id='bg-showmore-action-69f8adc60144b9048168685' class='bg-showmore-plg-link bg-zoom '  style=\" color:#4a4949;;\" href='#'>Opracowanie innowacyjnej technologii wytwarzania z\u0142o\u017conych geometrycznie, cienko\u015bciennych komponent\u00f3w silnik\u00f3w lotniczych ze stop\u00f3w na bazie niklu<\/a><div id='bg-showmore-hidden-69f8adc60144b9048168685' ><\/p>\n<p><span style=\"font-weight: 400\"><strong>Akronim<\/strong>: InnsLOT<\/span><\/p>\n<p><strong>Lider<\/strong><em><strong>:<\/strong><\/em> Politechnika Wroc\u0142awska<\/p>\n<p><strong>Partnerzy: <span style=\"font-weight: 400\">Pratt &amp; Whitney Kalisz Sp. z o.o., Instytut Lotnictwa &#8211; Sie\u0107 Badawcza \u0141ukasiewicz<\/span><\/strong><\/p>\n<p><strong>Lata realizacji<\/strong>: 2018 &#8211; 2021<\/p>\n<p><strong>Finansowanie<\/strong>: NCBR &#8211; TECHMATSTRATEG1\/347514\/7\/NCBR\/2017<\/p>\n<p style=\"text-align: justify\"><span style=\"font-weight: 400\"><strong>Cel projektu:<\/strong>\u00a0Celem projektu INNSLOT, zrealizowanego w ramach programu Techmatstrateg I, by\u0142o opracowanie procesu technologicznego wykorzystuj\u0105cego metod\u0105 przyrostow\u0105 do wytwarzania cienko\u015bciennych element\u00f3w silnik\u00f3w lotniczych ze stopu niklu. Projekt pt. \u201eOpracowanie innowacyjnej technologii wytwarzania z\u0142o\u017conych geometrycznie, cienko\u015bciennych komponent\u00f3w silnik\u00f3w lotniczych ze stop\u00f3w na bazie niklu (TECHMATSTRATEG1\/347514\/7\/NCBR\/2017)\u201d zosta\u0142 zrealizowany przez konsorcjum kt\u00f3rego liderem by\u0142a Politechnika Wroc\u0142awska, dysponuj\u0105ca ponad 20-letnim do\u015bwiadczeniem w zakresie technologii przyrostowych, firmy Pratt &amp; Whitney Kalisz sp. z o.o. \u2013 producent cz\u0119\u015bci do silnik\u00f3w lotniczych oraz Instytut Lotnictwa w Warszawie (Sie\u0107 Badawcza \u0141ukasiewicz) \u2013 jednostka badawcza specjalizuj\u0105ca si\u0119 w rynku lotniczym.<\/span><\/p>\n<p style=\"text-align: justify\"><span style=\"font-weight: 400\">W ramach projektu opracowano i przebadano proces wytw\u00f3rczy, wykorzystuj\u0105cy metod\u0119 SLM\/LPBF (zgodnie z norm\u0105 ISO\/ASTM 52900:2019 metod\u0119 PBF-LB\/M \u2013 ang. Powder Bed Fusion \u2013 Laser Beam \/ Metal) oraz najcz\u0119\u015bciej wykorzystywany w lotnictwie stop niklu Inconel 718, stosowany m.in. do produkcji cienko\u015bciennych aparat\u00f3w kieruj\u0105cych. Zadaniem aparat\u00f3w kieruj\u0105cych jest zarz\u0105dzanie strug\u0105 gazu przep\u0142ywaj\u0105c\u0105 przez silnik turbinowy. Aparaty kieruj\u0105ce stosuje si\u0119 zar\u00f3wno w spr\u0119\u017carce (zimny koniec) jak i w turbinie (gor\u0105cy koniec) silnik\u00f3w lotniczych. Jedn\u0105 ze specjalizacji firmy Pratt &amp; Whitney Kalisz jest w\u0142a\u015bnie produkcja aparat\u00f3w kieruj\u0105cych.<\/span><\/p>\n<p style=\"text-align: justify\"><span style=\"font-weight: 400\">W trakcie trwania projektu opracowano proces technologiczny obejmuj\u0105cy zarz\u0105dzenia materia\u0142em proszkowym (wsad do procesu przyrostowego), wytwarzanie przyrostowe metod\u0105 SLM (PBF-LB\/M), odpr\u0119\u017canie, obr\u00f3bk\u0119 ciepln\u0105, obr\u00f3bk\u0119 powierzchniow\u0105 zgrubn\u0105, specjaln\u0105 i wyka\u0144czaj\u0105c\u0105 oraz proces kontroli jako\u015bci. Opracowany przebieg procesu wytw\u00f3rczego pozwala na uzyskanie wysokiej jako\u015bci cz\u0119\u015bci, charakteryzuj\u0105cych si\u0119 odpowiedni\u0105 do zastosowania wytrzyma\u0142o\u015bci\u0105 statyczn\u0105 i zm\u0119czeniow\u0105, a tak\u017ce spe\u0142nia wymagania zwi\u0105zane z dok\u0142adno\u015bci\u0105 geometryczn\u0105 oraz jako\u015bci\u0105 powierzchni na \u015bcie\u017cce gazowej, kt\u00f3re stawia si\u0119 rzeczywistym aparatom kieruj\u0105cym.<\/span><\/p>\n<p><img loading=\"lazy\" decoding=\"async\" class=\"aligncenter wp-image-2003 size-full\" src=\"http:\/\/www.camt.pl\/wp-content\/uploads\/2021\/07\/Innoslot-scaled.jpg\" alt=\"\" width=\"2560\" height=\"635\" srcset=\"https:\/\/www.camt.pl\/wp-content\/uploads\/2021\/07\/Innoslot-scaled.jpg 2560w, https:\/\/www.camt.pl\/wp-content\/uploads\/2021\/07\/Innoslot-300x74.jpg 300w, https:\/\/www.camt.pl\/wp-content\/uploads\/2021\/07\/Innoslot-1024x254.jpg 1024w, https:\/\/www.camt.pl\/wp-content\/uploads\/2021\/07\/Innoslot-768x190.jpg 768w, https:\/\/www.camt.pl\/wp-content\/uploads\/2021\/07\/Innoslot-1536x381.jpg 1536w, https:\/\/www.camt.pl\/wp-content\/uploads\/2021\/07\/Innoslot-2048x508.jpg 2048w\" sizes=\"auto, (max-width: 2560px) 100vw, 2560px\" \/><\/p>\n<p><\/div><\/div>\n<hr \/>\n<h3>2017<\/h3>\n<div class=\"bg-margin-for-link\"><input type='hidden' bg_collapse_expand='69f8adc60161e3097974609' value='69f8adc60161e3097974609'><input type='hidden' id='bg-show-more-text-69f8adc60161e3097974609' value='Stopy na bazie magnezu przetwarzane technologi\u0105 selektywnej laserowej mikrometalurgii proszk\u00f3w do zastosowa\u0144 lotnicznych'><input type='hidden' id='bg-show-less-text-69f8adc60161e3097974609' value='Stopy na bazie magnezu przetwarzane technologi\u0105 selektywnej laserowej mikrometalurgii proszk\u00f3w do zastosowa\u0144 lotnicznych'><a id='bg-showmore-action-69f8adc60161e3097974609' class='bg-showmore-plg-link bg-zoom '  style=\" color:#4a4949;;\" href='#'>Stopy na bazie magnezu przetwarzane technologi\u0105 selektywnej laserowej mikrometalurgii proszk\u00f3w do zastosowa\u0144 lotnicznych<\/a><div id='bg-showmore-hidden-69f8adc60161e3097974609' ><\/p>\n<p><span style=\"font-weight: 400\"><strong>Akronim<\/strong>: AMgAvio<\/span><\/p>\n<p><strong>Lider<\/strong><em><strong>:<\/strong><\/em> Politechnika Wroc\u0142awska<\/p>\n<p><strong>Lata realizacji<\/strong>: 2017 &#8211; 2019<\/p>\n<p><strong>Finansowanie<\/strong>: <span style=\"font-weight: 400\">NCBR \u2013 program LIDER 0109\/L-7\/201<\/span><\/p>\n<p style=\"text-align: justify\"><span style=\"font-weight: 400\"><strong>Cel projektu:<\/strong>\u00a0Projekt mia\u0142 na celu opracowanie technologii przetwarzania stop\u00f3w magnezu w technologii Laserowej Mikrometalurgii (SLM\/DMLS\/LPBF), na potrzeby zastosowania w bran\u017cy lotniczej. W ramach projektu zosta\u0142a przebadana technologia pod k\u0105tem mo\u017cliwo\u015bci uzyskania wysokich w\u0142a\u015bciwo\u015bci mechanicznych stop\u00f3w magnezu, nie ni\u017cszych ni\u017c dla tych uzyskiwanych tradycyjnymi technologiami.<\/span><\/p>\n<p><img loading=\"lazy\" decoding=\"async\" class=\"alignnone size-full wp-image-2178\" src=\"http:\/\/www.camt.pl\/wp-content\/uploads\/2021\/07\/AMgAvio_S-scaled.jpg\" alt=\"\" width=\"2560\" height=\"635\" srcset=\"https:\/\/www.camt.pl\/wp-content\/uploads\/2021\/07\/AMgAvio_S-scaled.jpg 2560w, https:\/\/www.camt.pl\/wp-content\/uploads\/2021\/07\/AMgAvio_S-300x74.jpg 300w, https:\/\/www.camt.pl\/wp-content\/uploads\/2021\/07\/AMgAvio_S-1024x254.jpg 1024w, https:\/\/www.camt.pl\/wp-content\/uploads\/2021\/07\/AMgAvio_S-768x190.jpg 768w, https:\/\/www.camt.pl\/wp-content\/uploads\/2021\/07\/AMgAvio_S-1536x381.jpg 1536w, https:\/\/www.camt.pl\/wp-content\/uploads\/2021\/07\/AMgAvio_S-2048x508.jpg 2048w\" sizes=\"auto, (max-width: 2560px) 100vw, 2560px\" \/><\/p>\n<p><\/div><\/div>\n<hr \/>\n<h3>2013<\/h3>\n<div class=\"bg-margin-for-link\"><input type='hidden' bg_collapse_expand='69f8adc60172b0077977302' value='69f8adc60172b0077977302'><input type='hidden' id='bg-show-more-text-69f8adc60172b0077977302' value='Badania technologii przyrostowych i proces\u00f3w hybrydyzacji obr\u00f3bki dla potrzeb rozwoju innowacyjnej produkcji lotniczej'><input type='hidden' id='bg-show-less-text-69f8adc60172b0077977302' value='Badania technologii przyrostowych i proces\u00f3w hybrydyzacji obr\u00f3bki dla potrzeb rozwoju innowacyjnej produkcji lotniczej'><a id='bg-showmore-action-69f8adc60172b0077977302' class='bg-showmore-plg-link bg-zoom '  style=\" color:#4a4949;;\" href='#'>Badania technologii przyrostowych i proces\u00f3w hybrydyzacji obr\u00f3bki dla potrzeb rozwoju innowacyjnej produkcji lotniczej<\/a><div id='bg-showmore-hidden-69f8adc60172b0077977302' ><\/p>\n<p><span style=\"font-weight: 400\"><strong>Akronim<\/strong>: AMpHOra<\/span><\/p>\n<p><strong>Lider<\/strong><em><strong>:<\/strong><\/em>\u00a0Polskie Zak\u0142ady Lotnicze Sp. z o.o. (aktualnie nale\u017c\u0105ce do koncernu Lockheed Martin)<\/p>\n<p><strong>Lata realizacji<\/strong>: 2013 &#8211; 2018<\/p>\n<p><strong>Finansowanie<\/strong>: <span style=\"font-weight: 400\">NCBR \u2013 program INNOLOT\/I\/6\/NCBR\/2013<\/span><\/p>\n<p style=\"text-align: justify\"><span style=\"font-weight: 400\"><strong>Cel projektu:<\/strong>\u00a0Projekt by\u0142 wsp\u00f3\u0142realizowany z PZL Mielec, b\u0119d\u0105ce cz\u0119\u015bci\u0105 Sikorsky Company, w zakresie wytwarzania podzespo\u0142\u00f3w statk\u00f3w powietrznych w technologiach przyrostowych AM oraz napawania pow\u0142ok o specjalnych w\u0142a\u015bciwo\u015bciach materia\u0142owych. Projekt obejmowa\u0142 przystosowanie technologii do wytwarzania obecnych geometrii podzespo\u0142\u00f3w, opracowanie nowych materia\u0142\u00f3w do przetwarzania w technologiach AM, oraz wprowadzania zmian konstrukcyjnych w cz\u0119\u015bciach (optymalizacja topologiczna) celem osi\u0105gni\u0119cia dodatkowych korzy\u015bci wynikaj\u0105cych z zastosowania technologii AM. W\u015br\u00f3d wytwarzanych demonstrator\u00f3w znale\u017ali si\u0119 r\u00f3\u017cnorodne cz\u0119\u015bci reprezentuj\u0105ce lotnicze materia\u0142y i specyfik\u0119 stosowanych proces\u00f3w technologii przyrostowych.<\/span><\/p>\n<p><img loading=\"lazy\" decoding=\"async\" class=\"alignnone size-full wp-image-2271\" src=\"http:\/\/www.camt.pl\/wp-content\/uploads\/2021\/11\/Amphora3PL-scaled.jpg\" alt=\"\" width=\"2560\" height=\"635\" srcset=\"https:\/\/www.camt.pl\/wp-content\/uploads\/2021\/11\/Amphora3PL-scaled.jpg 2560w, https:\/\/www.camt.pl\/wp-content\/uploads\/2021\/11\/Amphora3PL-300x74.jpg 300w, https:\/\/www.camt.pl\/wp-content\/uploads\/2021\/11\/Amphora3PL-1024x254.jpg 1024w, https:\/\/www.camt.pl\/wp-content\/uploads\/2021\/11\/Amphora3PL-768x190.jpg 768w, https:\/\/www.camt.pl\/wp-content\/uploads\/2021\/11\/Amphora3PL-1536x381.jpg 1536w, https:\/\/www.camt.pl\/wp-content\/uploads\/2021\/11\/Amphora3PL-2048x508.jpg 2048w\" sizes=\"auto, (max-width: 2560px) 100vw, 2560px\" \/><\/p>\n<p><\/div><\/div>\n<div class=\"bg-margin-for-link\"><input type='hidden' bg_collapse_expand='69f8adc6018251011678801' value='69f8adc6018251011678801'><input type='hidden' id='bg-show-more-text-69f8adc6018251011678801' value='Technologia laserowego dr\u0105\u017cenia otwor\u00f3w ch\u0142odz\u0105cych w wielowarstwowych strukturach nowoczesnych turbinowych silnik\u00f3w lotniczych'><input type='hidden' id='bg-show-less-text-69f8adc6018251011678801' value='Technologia laserowego dr\u0105\u017cenia otwor\u00f3w ch\u0142odz\u0105cych w wielowarstwowych strukturach nowoczesnych turbinowych silnik\u00f3w lotniczych'><a id='bg-showmore-action-69f8adc6018251011678801' class='bg-showmore-plg-link bg-zoom '  style=\" color:#4a4949;;\" href='#'>Technologia laserowego dr\u0105\u017cenia otwor\u00f3w ch\u0142odz\u0105cych w wielowarstwowych strukturach nowoczesnych turbinowych silnik\u00f3w lotniczych<\/a><div id='bg-showmore-hidden-69f8adc6018251011678801' ><\/p>\n<p><span style=\"font-weight: 400\"><strong>Akronim<\/strong>: DRILL<\/span><\/p>\n<p><strong>Lider<\/strong><em><strong>:<\/strong><\/em> <span style=\"font-weight: 400\">WSK \u201cPZL-Rzesz\u00f3w\u201d S.A.<\/span><\/p>\n<p><strong>Lata realizacji<\/strong>: 2013 &#8211; 2015<\/p>\n<p><strong>Finansowanie<\/strong>: <span style=\"font-weight: 400\">wsp\u00f3\u0142finansowany przez<\/span> <span style=\"font-weight: 400\">NCBR w ramach programu INNOTECH (INNOTECH-K2\/IN2\/46\/182494\/NCBR\/13)<\/span><\/p>\n<p style=\"text-align: justify\"><span style=\"font-weight: 400\"><strong>Cel projektu:<\/strong>\u00a0Celem projektu by\u0142o opracowanie technologii dr\u0105\u017cenia laserowego otwor\u00f3w k\u0105towych w wielowarstwowych materia\u0142ach kom\u00f3r spalania silnik\u00f3w lotniczych oraz poprawa stabilno\u015bci i dok\u0142adno\u015bci geometrycznej ich po\u0142o\u017cenia. Opracowana technologia pozwoli na laserowe dr\u0105\u017cenie k\u0105towych otwor\u00f3w w wielowarstwowych materia\u0142ach z pow\u0142okowymi barierami cieplnymi (Thermal Barier Coating) i pow\u0142okami antyodpryskowymi.<\/span><\/p>\n<p><\/div><\/div>\n","protected":false},"excerpt":{"rendered":"<p>Projekty z bran\u017cy lotniczej zrealizaowane w jednostce 2018 2017 2013<\/p>\n","protected":false},"author":1,"featured_media":0,"parent":0,"menu_order":0,"comment_status":"closed","ping_status":"closed","template":"template-fullwidth.php","meta":{"footnotes":""},"class_list":["post-1522","page","type-page","status-publish","hentry"],"_links":{"self":[{"href":"https:\/\/www.camt.pl\/index.php\/wp-json\/wp\/v2\/pages\/1522","targetHints":{"allow":["GET"]}}],"collection":[{"href":"https:\/\/www.camt.pl\/index.php\/wp-json\/wp\/v2\/pages"}],"about":[{"href":"https:\/\/www.camt.pl\/index.php\/wp-json\/wp\/v2\/types\/page"}],"author":[{"embeddable":true,"href":"https:\/\/www.camt.pl\/index.php\/wp-json\/wp\/v2\/users\/1"}],"replies":[{"embeddable":true,"href":"https:\/\/www.camt.pl\/index.php\/wp-json\/wp\/v2\/comments?post=1522"}],"version-history":[{"count":39,"href":"https:\/\/www.camt.pl\/index.php\/wp-json\/wp\/v2\/pages\/1522\/revisions"}],"predecessor-version":[{"id":2359,"href":"https:\/\/www.camt.pl\/index.php\/wp-json\/wp\/v2\/pages\/1522\/revisions\/2359"}],"wp:attachment":[{"href":"https:\/\/www.camt.pl\/index.php\/wp-json\/wp\/v2\/media?parent=1522"}],"curies":[{"name":"wp","href":"https:\/\/api.w.org\/{rel}","templated":true}]}}