{"id":1836,"date":"2021-06-29T15:20:49","date_gmt":"2021-06-29T13:20:49","guid":{"rendered":"http:\/\/www.camt.pl\/?page_id=1836"},"modified":"2021-07-23T14:53:19","modified_gmt":"2021-07-23T12:53:19","slug":"kontakt","status":"publish","type":"page","link":"https:\/\/www.camt.pl\/index.php\/pl\/kontakt\/","title":{"rendered":"Kontakt"},"content":{"rendered":"\n<figure class=\"wp-block-gallery columns-1 is-cropped wp-block-gallery-1 is-layout-flex wp-block-gallery-is-layout-flex\"><ul class=\"blocks-gallery-grid\"><li class=\"blocks-gallery-item\"><figure><img loading=\"lazy\" decoding=\"async\" width=\"1024\" height=\"185\" src=\"http:\/\/www.camt.pl\/wp-content\/uploads\/2021\/07\/CAMT_Contact_IMG-4.jpg\" alt=\"\" data-id=\"1971\" data-full-url=\"http:\/\/www.camt.pl\/wp-content\/uploads\/2021\/07\/CAMT_Contact_IMG-4.jpg\" data-link=\"http:\/\/www.camt.pl\/index.php\/pl\/kontakt\/camt_contact_img-4\/\" class=\"wp-image-1971\" srcset=\"https:\/\/www.camt.pl\/wp-content\/uploads\/2021\/07\/CAMT_Contact_IMG-4.jpg 1024w, https:\/\/www.camt.pl\/wp-content\/uploads\/2021\/07\/CAMT_Contact_IMG-4-300x54.jpg 300w, https:\/\/www.camt.pl\/wp-content\/uploads\/2021\/07\/CAMT_Contact_IMG-4-768x139.jpg 768w\" sizes=\"auto, (max-width: 1024px) 100vw, 1024px\" \/><\/figure><\/li><\/ul><\/figure>\n\n\n\n<h4 class=\"has-text-align-center wp-block-heading\">Centrum Zaawansowanych System\u00f3w Produkcyjnych<\/h4>\n\n\n\n<p class=\"has-text-align-center\">Politechnika Wroc\u0142awska<br>Wydzia\u0142 Mechaniczny<br>ul. \u0141ukasiewicza 5 (bud B-4)<br>PL 50-371 Wroc\u0142aw<br>+48 71 320 20 46<\/p>\n\n\n\n<p class=\"has-text-align-center\">e-mail: <a href=\"mailto:camt@pwr.edu.pl\">camt@pwr.edu.pl<\/a> | <a href=\"mailto:camt@3dmeeting.pl\">camt@3dmeeting.pl<\/a><\/p>\n\n\n\n<p><\/p>\n","protected":false},"excerpt":{"rendered":"<p>Centrum Zaawansowanych System\u00f3w Produkcyjnych Politechnika Wroc\u0142awskaWydzia\u0142 Mechanicznyul. \u0141ukasiewicza 5 (bud B-4)PL 50-371 Wroc\u0142aw+48 71 320 20 46 e-mail: camt@pwr.edu.pl | camt@3dmeeting.pl<\/p>\n","protected":false},"author":4,"featured_media":0,"parent":0,"menu_order":0,"comment_status":"closed","ping_status":"closed","template":"template-fullwidth.php","meta":{"footnotes":""},"class_list":["post-1836","page","type-page","status-publish","hentry"],"_links":{"self":[{"href":"https:\/\/www.camt.pl\/index.php\/wp-json\/wp\/v2\/pages\/1836","targetHints":{"allow":["GET"]}}],"collection":[{"href":"https:\/\/www.camt.pl\/index.php\/wp-json\/wp\/v2\/pages"}],"about":[{"href":"https:\/\/www.camt.pl\/index.php\/wp-json\/wp\/v2\/types\/page"}],"author":[{"embeddable":true,"href":"https:\/\/www.camt.pl\/index.php\/wp-json\/wp\/v2\/users\/4"}],"replies":[{"embeddable":true,"href":"https:\/\/www.camt.pl\/index.php\/wp-json\/wp\/v2\/comments?post=1836"}],"version-history":[{"count":8,"href":"https:\/\/www.camt.pl\/index.php\/wp-json\/wp\/v2\/pages\/1836\/revisions"}],"predecessor-version":[{"id":2140,"href":"https:\/\/www.camt.pl\/index.php\/wp-json\/wp\/v2\/pages\/1836\/revisions\/2140"}],"wp:attachment":[{"href":"https:\/\/www.camt.pl\/index.php\/wp-json\/wp\/v2\/media?parent=1836"}],"curies":[{"name":"wp","href":"https:\/\/api.w.org\/{rel}","templated":true}]}}