{"id":1888,"date":"2021-06-30T12:02:16","date_gmt":"2021-06-30T10:02:16","guid":{"rendered":"http:\/\/www.camt.pl\/?page_id=1888"},"modified":"2022-08-16T13:03:00","modified_gmt":"2022-08-16T11:03:00","slug":"branza-motoryzacyjna","status":"publish","type":"page","link":"https:\/\/www.camt.pl\/index.php\/pl\/branza-motoryzacyjna\/","title":{"rendered":"Bran\u017ca motoryzacyjna"},"content":{"rendered":"<h5>Projekty z bran\u017cy motoryzacyjnej zrealizaowane w jednostce<\/h5>\n<hr \/>\n<h3>2021<\/h3>\n<div class=\"bg-margin-for-link\"><input type='hidden' bg_collapse_expand='69ddf2523ace97047066540' value='69ddf2523ace97047066540'><input type='hidden' id='bg-show-more-text-69ddf2523ace97047066540' value='Bioniczne, lekkie w\u0119z\u0142y strukturalne wytwarzane przyrostowo dla przemys\u0142u motoryzacyjnego'><input type='hidden' id='bg-show-less-text-69ddf2523ace97047066540' value='Bioniczne, lekkie w\u0119z\u0142y strukturalne wytwarzane przyrostowo dla przemys\u0142u motoryzacyjnego'><a id='bg-showmore-action-69ddf2523ace97047066540' class='bg-showmore-plg-link bg-zoom '  style=\" color:#4a4949;;\" href='#'>Bioniczne, lekkie w\u0119z\u0142y strukturalne wytwarzane przyrostowo dla przemys\u0142u motoryzacyjnego<\/a><div id='bg-showmore-hidden-69ddf2523ace97047066540' ><\/p>\n<p><span style=\"font-weight: 400\"><strong>Akronim<\/strong>: BioniAMoto<\/span><\/p>\n<p><strong>Lider<\/strong><em><strong>:<\/strong><\/em> Politechnika Wroc\u0142awska<\/p>\n<p><strong>Partnerzy: <span style=\"font-weight: 400\">Politechnika Pozna\u0144ska, EDAG Engineering Polska Sp z o.o.<\/span><\/strong><\/p>\n<p><strong>Lata realizacji<\/strong>: 2021 &#8211; 2024<\/p>\n<p><strong>Finansowanie<\/strong>: NCBR \u2013 program TECHMATSTRATEG-III\/0044\/2019<\/p>\n<p style=\"text-align: justify\"><span style=\"font-weight: 400\"><strong>Cel projektu:<\/strong>\u00a0W projekcie BioniAMoto zostan\u0105 przebadane i przygotowane do wdro\u017cenia narz\u0119dzia bionicznego optymalizowania topologicznego w\u0119z\u0142\u00f3w strukturalnych konstrukcji wykorzystywanych w motoryzacji oraz ich wytwarzania ze stop\u00f3w aluminium z wykorzystaniem technologii przyrostowych (AM). W rezultacie projektu zostanie opracowana koncepcja produkcji przestrzennych w\u0119z\u0142\u00f3w konstrukcji strukturalnej pojazd\u00f3w, zoptymalizowanych z wykorzystaniem innowacyjnych algorytm\u00f3wbiomimetycznych pod k\u0105tem uzyskania wysokiej sztywno\u015bci, oraz ich \u0142\u0105czenia z \u0142atwo dost\u0119pnymi i powszechnie stosowanymi aluminiowymi profilami ekstrudowanymi.<\/span><\/p>\n<p style=\"text-align: justify\"><span style=\"font-weight: 400\">Celem BioniAMoto jest osi\u0105gniecie r\u00f3wnowa\u017cnych w\u0142asno\u015bci mechanicznych dla stop\u00f3w aluminium przetwarzanych w technologiach AM w stosunku do materia\u0142u w tradycyjnej postaci, obni\u017cenie masy wytwarzanych w\u0119z\u0142\u00f3w strukturalnych z zachowaniem ich sztywno\u015bci i wytrzyma\u0142o\u015bci na co najmniej por\u00f3wnywalnym lub wy\u017cszym poziomie. Dodatkowo w projekcie ocenione zostan\u0105 r\u00f3\u017cne warianty \u0142\u0105czenia wytworzonych przyrostowo element\u00f3w w\u0119z\u0142\u00f3w z powszechnie stosowanymi profilami ekstrudowanymi, bez wprowadzania w miejscu \u0142\u0105czenia dodatkowych napr\u0119\u017ce\u0144 termicznych (jak np.po\u0142\u0105czenie kszta\u0142towe, klejone, zaciskowe, itp.)<\/span><\/p>\n<p><img loading=\"lazy\" decoding=\"async\" class=\"alignnone size-full wp-image-2169\" src=\"http:\/\/www.camt.pl\/wp-content\/uploads\/2021\/07\/BioniAMoto-scaled.jpg\" alt=\"\" width=\"2560\" height=\"635\" srcset=\"https:\/\/www.camt.pl\/wp-content\/uploads\/2021\/07\/BioniAMoto-scaled.jpg 2560w, https:\/\/www.camt.pl\/wp-content\/uploads\/2021\/07\/BioniAMoto-300x74.jpg 300w, https:\/\/www.camt.pl\/wp-content\/uploads\/2021\/07\/BioniAMoto-1024x254.jpg 1024w, https:\/\/www.camt.pl\/wp-content\/uploads\/2021\/07\/BioniAMoto-768x190.jpg 768w, https:\/\/www.camt.pl\/wp-content\/uploads\/2021\/07\/BioniAMoto-1536x381.jpg 1536w, https:\/\/www.camt.pl\/wp-content\/uploads\/2021\/07\/BioniAMoto-2048x508.jpg 2048w\" sizes=\"auto, (max-width: 2560px) 100vw, 2560px\" \/><\/p>\n<p><\/div><\/div>\n<hr \/>\n<h3>2019<\/h3>\n<div class=\"bg-margin-for-link\"><input type='hidden' bg_collapse_expand='69ddf2523ae5c1072483811' value='69ddf2523ae5c1072483811'><input type='hidden' id='bg-show-more-text-69ddf2523ae5c1072483811' value='Wytwarzanie element\u00f3w strukturalnych obci\u0105\u017canych dynamicznie w technologiach przyrostowych'><input type='hidden' id='bg-show-less-text-69ddf2523ae5c1072483811' value='Wytwarzanie element\u00f3w strukturalnych obci\u0105\u017canych dynamicznie w technologiach przyrostowych'><a id='bg-showmore-action-69ddf2523ae5c1072483811' class='bg-showmore-plg-link bg-zoom '  style=\" color:#4a4949;;\" href='#'>Wytwarzanie element\u00f3w strukturalnych obci\u0105\u017canych dynamicznie w technologiach przyrostowych<\/a><div id='bg-showmore-hidden-69ddf2523ae5c1072483811' ><\/p>\n<p><span style=\"font-weight: 400\"><strong>Akronim<\/strong>: AM-Crash<\/span><\/p>\n<p><strong>Lider<\/strong><em><strong>:<\/strong><\/em> <span style=\"font-weight: 400\">Technische Universit\u00e4t Chemnitz (lider od 2021 r.)<\/span><\/p>\n<p><strong>Partnerzy: <span style=\"font-weight: 400\">EDAG Engineering GmbH; Salzgitter Mannesmann Forschung GmbH; Simufact Engineering GmbH; Wadim Plast Sp. z o. o.; Technische Universit\u00e4t Chemnitz (lider od 2021 r.), EDAG (lider do 2021r.); <\/span><b>Politechnika Wroc\u0142awska<\/b><span style=\"font-weight: 400\">.<\/span><\/strong><\/p>\n<p><strong>Lata realizacji<\/strong>: 2019 &#8211; 2021<\/p>\n<p><strong>Finansowanie<\/strong>: <span style=\"font-weight: 400\">NCBR \u2013 M-ERA.NET Call 2018<\/span><\/p>\n<p style=\"text-align: justify\"><span style=\"font-weight: 400\"><strong>Cel projektu:<\/strong>Celem AM-Crash jest osi\u0105gni\u0119cie r\u00f3wnowa\u017cnych w\u0142a\u015bciwo\u015bci mechanicznych komponent\u00f3w AM w por\u00f3wnaniu do standardowych cz\u0119\u015bci wytwarzanych poprzez t\u0142oczenie. Pozwoli to na osi\u0105gni\u0119cie znacznych korzy\u015bci w zakresie koszt\u00f3w i czasu realizacji projektu mi\u0119dzy innymi poprzez wykorzystanie cz\u0119\u015bci LAM do prototypowych pojazd\u00f3w podczas test\u00f3w zderzeniowych oraz produkcji ma\u0142ych serii komponent\u00f3w i cz\u0119\u015bci zamiennych. Takie samo zachowanie strukturalne komponent\u00f3w LAM i g\u0142\u0119boko t\u0142oczonych blach zostanie osi\u0105gni\u0119te dzi\u0119ki zastosowaniu wieloczynnikowego podej\u015bcia \u0142\u0105cz\u0105cego specyficzne przetwarzanie LAM z odpowiedni\u0105 obr\u00f3bk\u0105 ko\u0144cow\u0105 i technologiami \u0142\u0105czenia\/integracji.<\/span><\/p>\n<p><img loading=\"lazy\" decoding=\"async\" class=\"alignnone size-full wp-image-2292\" src=\"http:\/\/www.camt.pl\/wp-content\/uploads\/2021\/11\/AM-CRASH-scaled.jpg\" alt=\"\" width=\"2560\" height=\"635\" srcset=\"https:\/\/www.camt.pl\/wp-content\/uploads\/2021\/11\/AM-CRASH-scaled.jpg 2560w, https:\/\/www.camt.pl\/wp-content\/uploads\/2021\/11\/AM-CRASH-300x74.jpg 300w, https:\/\/www.camt.pl\/wp-content\/uploads\/2021\/11\/AM-CRASH-1024x254.jpg 1024w, https:\/\/www.camt.pl\/wp-content\/uploads\/2021\/11\/AM-CRASH-768x190.jpg 768w, https:\/\/www.camt.pl\/wp-content\/uploads\/2021\/11\/AM-CRASH-1536x381.jpg 1536w, https:\/\/www.camt.pl\/wp-content\/uploads\/2021\/11\/AM-CRASH-2048x508.jpg 2048w\" sizes=\"auto, (max-width: 2560px) 100vw, 2560px\" \/><\/p>\n<p><\/div><\/div>\n<hr \/>\n<h3>2018<\/h3>\n<div class=\"bg-margin-for-link\"><input type='hidden' bg_collapse_expand='69ddf2523afc63096990147' value='69ddf2523afc63096990147'><input type='hidden' id='bg-show-more-text-69ddf2523afc63096990147' value='Technologia wytwarzania kompozyt\u00f3w zoptymalizowanych pod k\u0105tem obci\u0105\u017ce\u0144'><input type='hidden' id='bg-show-less-text-69ddf2523afc63096990147' value='Technologia wytwarzania kompozyt\u00f3w zoptymalizowanych pod k\u0105tem obci\u0105\u017ce\u0144'><a id='bg-showmore-action-69ddf2523afc63096990147' class='bg-showmore-plg-link bg-zoom '  style=\" color:#4a4949;;\" href='#'>Technologia wytwarzania kompozyt\u00f3w zoptymalizowanych pod k\u0105tem obci\u0105\u017ce\u0144<\/a><div id='bg-showmore-hidden-69ddf2523afc63096990147' ><\/p>\n<p><span style=\"font-weight: 400\"><strong>Akronim<\/strong>: InverTec<\/span><\/p>\n<p><strong>Lider<\/strong><em><strong>:<\/strong><\/em> <span style=\"font-weight: 400\">EFB &#8211; European Research Association for Sheet Metal Working<\/span><\/p>\n<p><strong>Partnerzy: <span style=\"font-weight: 400\">IWU &#8211; Fraunhofer Institute for Machine Tools and Forming Technology; SLK &#8211; Technische Universit\u00e4t Chemnitz \/ Department of Lightweight Structures and Polymer Technology; PWr &#8211; Politechnika Wroc\u0142awska; CINNOMATECH &#8211; Cluster of Innovative Manufacturing Technologies.<\/span><\/strong><\/p>\n<p><strong>Lata realizacji<\/strong>: 2018 &#8211; 2020<\/p>\n<p><strong>Finansowanie<\/strong>: NCBR &#8211; Cornet-22 (CORNET\/22\/3\/2018)<\/p>\n<p style=\"text-align: justify\"><span style=\"font-weight: 400\"><strong>Cel projektu:<\/strong>Celem projektu by\u0142o opracowanie nowego, wysokowydajnego, odwr\u00f3conego kompozytu hybrydowego, sk\u0142adaj\u0105cego si\u0119 z matrycy termoplastycznej wzmocnionej ci\u0105g\u0142ymi w\u0142\u00f3knami, w kt\u00f3r\u0105 zostanie zintegrowana metalowa wk\u0142adka. Opr\u00f3cz poprawy odporno\u015bci na zderzenia, wk\u0142adka metalowa ma by\u0107 dodatkowo wykorzystana do efektywnego po\u0142\u0105czenia kompozytu z przylegaj\u0105cymi strukturami metalowymi.<\/span><\/p>\n<p style=\"text-align: justify\">Dzi\u0119ki zastosowaniu nowoczesnych technologii pojawia si\u0119 mo\u017cliwo\u015b\u0107 obni\u017cenia wysokich koszt\u00f3w inwestycyjnych w MSP oraz barier wej\u015bcia dla stosowania materia\u0142\u00f3w kompozytowych w przemy\u015ble. Rozwi\u0105zania wielomateria\u0142owe mog\u0105 oferowa\u0107 znaczne korzy\u015bci pod k\u0105tem redukcji wagi wyrobu w zastosowaniach mobilnych w por\u00f3wnaniu z klasycznymi konstrukcjami metalowymi. W konsekwencji prowadzi to do znacznych oszcz\u0119dno\u015bci energii i redukcji emisji CO2. Projekt mia\u0142 na celu rozwa\u017cenie nast\u0119puj\u0105cych zagadnie\u0144:<\/p>\n<ul>\n<li>Konstrukcja odwr\u00f3conego kompozytu zoptymalizowana pod k\u0105tem obci\u0105\u017cenia<\/li>\n<li>Wydajne metody produkcji<\/li>\n<li>Uproszczone modu\u0142owe stanowisko do test\u00f3w zderzeniowych<\/li>\n<\/ul>\n<p><img loading=\"lazy\" decoding=\"async\" class=\"alignnone size-full wp-image-2173\" src=\"http:\/\/www.camt.pl\/wp-content\/uploads\/2021\/07\/InverTec-scaled.jpg\" alt=\"\" width=\"2560\" height=\"635\" srcset=\"https:\/\/www.camt.pl\/wp-content\/uploads\/2021\/07\/InverTec-scaled.jpg 2560w, https:\/\/www.camt.pl\/wp-content\/uploads\/2021\/07\/InverTec-300x74.jpg 300w, https:\/\/www.camt.pl\/wp-content\/uploads\/2021\/07\/InverTec-1024x254.jpg 1024w, https:\/\/www.camt.pl\/wp-content\/uploads\/2021\/07\/InverTec-768x190.jpg 768w, https:\/\/www.camt.pl\/wp-content\/uploads\/2021\/07\/InverTec-1536x381.jpg 1536w, https:\/\/www.camt.pl\/wp-content\/uploads\/2021\/07\/InverTec-2048x508.jpg 2048w\" sizes=\"auto, (max-width: 2560px) 100vw, 2560px\" \/><\/p>\n<p>\u017ar\u00f3d\u0142o &#8211; <a href=\"https:\/\/cornet.efb.de\/general-description-invertec.html\">https:\/\/cornet.efb.de\/general-description-invertec.html<\/a><\/p>\n<p><\/div><\/div>\n","protected":false},"excerpt":{"rendered":"<p>Projekty z bran\u017cy motoryzacyjnej zrealizaowane w jednostce 2021 2019 2018<\/p>\n","protected":false},"author":4,"featured_media":0,"parent":0,"menu_order":0,"comment_status":"closed","ping_status":"closed","template":"template-fullwidth.php","meta":{"footnotes":""},"class_list":["post-1888","page","type-page","status-publish","hentry"],"_links":{"self":[{"href":"https:\/\/www.camt.pl\/index.php\/wp-json\/wp\/v2\/pages\/1888","targetHints":{"allow":["GET"]}}],"collection":[{"href":"https:\/\/www.camt.pl\/index.php\/wp-json\/wp\/v2\/pages"}],"about":[{"href":"https:\/\/www.camt.pl\/index.php\/wp-json\/wp\/v2\/types\/page"}],"author":[{"embeddable":true,"href":"https:\/\/www.camt.pl\/index.php\/wp-json\/wp\/v2\/users\/4"}],"replies":[{"embeddable":true,"href":"https:\/\/www.camt.pl\/index.php\/wp-json\/wp\/v2\/comments?post=1888"}],"version-history":[{"count":6,"href":"https:\/\/www.camt.pl\/index.php\/wp-json\/wp\/v2\/pages\/1888\/revisions"}],"predecessor-version":[{"id":2358,"href":"https:\/\/www.camt.pl\/index.php\/wp-json\/wp\/v2\/pages\/1888\/revisions\/2358"}],"wp:attachment":[{"href":"https:\/\/www.camt.pl\/index.php\/wp-json\/wp\/v2\/media?parent=1888"}],"curies":[{"name":"wp","href":"https:\/\/api.w.org\/{rel}","templated":true}]}}