{"id":1890,"date":"2021-06-30T12:02:45","date_gmt":"2021-06-30T10:02:45","guid":{"rendered":"http:\/\/www.camt.pl\/?page_id=1890"},"modified":"2022-10-04T11:37:21","modified_gmt":"2022-10-04T09:37:21","slug":"branza-medyczna","status":"publish","type":"page","link":"https:\/\/www.camt.pl\/index.php\/pl\/branza-medyczna\/","title":{"rendered":"Bran\u017ca medyczna"},"content":{"rendered":"<h5>Projekty z bran\u017cy MEDYCZNEJ zrealizaowane w jednostce<\/h5>\n<hr \/>\n<h3>2023<\/h3>\n<div class=\"bg-margin-for-link\"><input type='hidden' bg_collapse_expand='69f8b28072b918018173934' value='69f8b28072b918018173934'><input type='hidden' id='bg-show-more-text-69f8b28072b918018173934' value='Strategie laserowej funkcjonalizacji powierzchni implant\u00f3w pod k\u0105tem proliferacji kom\u00f3rek eukariotycznych'><input type='hidden' id='bg-show-less-text-69f8b28072b918018173934' value='Strategie laserowej funkcjonalizacji powierzchni implant\u00f3w pod k\u0105tem proliferacji kom\u00f3rek eukariotycznych'><a id='bg-showmore-action-69f8b28072b918018173934' class='bg-showmore-plg-link bg-zoom '  style=\" color:#4a4949;;\" href='#'>Strategie laserowej funkcjonalizacji powierzchni implant\u00f3w pod k\u0105tem proliferacji kom\u00f3rek eukariotycznych<\/a><div id='bg-showmore-hidden-69f8b28072b918018173934' ><\/p>\n<p><b>Lider<\/b><b><i>:<\/i><\/b><span style=\"font-weight: 400\"> Politechnika Warszawska<\/span><\/p>\n<p><b>Lata realizacji<\/b><span style=\"font-weight: 400\">: 2023<\/span><\/p>\n<p><b>Finansowanie:\u00a0<\/b> Narodowe Centrum Nauki, Miniatura 6<\/p>\n<p style=\"text-align: justify\"><b>Cel projektu:<\/b>Dzia\u0142ania naukowe b\u0119d\u0105 mia\u0142y charakter bada\u0144 wst\u0119pnych, kt\u00f3re umo\u017cliwi\u0105 uzyskanie informacji na temat wp\u0142ywu obr\u00f3bki LIPSS (Laser-Induced Periodic Surface Structures) na okre\u015blone w\u0142asno\u015bci funkcjonalne materia\u0142u na implanty w warunkach in vitro. Kluczowym aspektem b\u0119dzie poznanie i opisanie podstawowych mechanizm\u00f3w, jakie wp\u0142ywaj\u0105 na wzrost i proliferacj\u0119 kom\u00f3rek eukariotycznych na strukturyzowanych powierzchniach stop\u00f3w tytanu nowej generacji<\/p>\n<p><\/div><\/div>\n<hr \/>\n<h3>2020<\/h3>\n<div class=\"bg-margin-for-link\"><input type='hidden' bg_collapse_expand='69f8b28072cae1061004090' value='69f8b28072cae1061004090'><input type='hidden' id='bg-show-more-text-69f8b28072cae1061004090' value='Metoda natychmiastowego wytwarzania przyrostowego cz\u0119\u015bci zamiennych i alternatywnych aparatury medycznej oraz \u015brodk\u00f3w ochrony indywidualnej w \u015brodowisku rozproszonym w sytuacjach kryzysowych - Virtual AM Storage Covid-19'><input type='hidden' id='bg-show-less-text-69f8b28072cae1061004090' value='Metoda natychmiastowego wytwarzania przyrostowego cz\u0119\u015bci zamiennych i alternatywnych aparatury medycznej oraz \u015brodk\u00f3w ochrony indywidualnej w \u015brodowisku rozproszonym w sytuacjach kryzysowych - Virtual AM Storage Covid-19'><a id='bg-showmore-action-69f8b28072cae1061004090' class='bg-showmore-plg-link bg-zoom '  style=\" color:#4a4949;;\" href='#'>Metoda natychmiastowego wytwarzania przyrostowego cz\u0119\u015bci zamiennych i alternatywnych aparatury medycznej oraz \u015brodk\u00f3w ochrony indywidualnej w \u015brodowisku rozproszonym w sytuacjach kryzysowych - Virtual AM Storage Covid-19<\/a><div id='bg-showmore-hidden-69f8b28072cae1061004090' ><\/p>\n<p><b>Akronim<\/b><span style=\"font-weight: 400\">: Szpitale Jednoimienne\u00a0<\/span><\/p>\n<p><b>Lider<\/b><b><i>:<\/i><\/b><span style=\"font-weight: 400\"> Politechnika Wroc\u0142awska<\/span><\/p>\n<p><b>Partnerzy: <\/b><span style=\"font-weight: 400\">Wojew\u00f3dzki Szpital Specjalistyczny im. J. Gromkowskiego<\/span><\/p>\n<p><b>Lata realizacji<\/b><span style=\"font-weight: 400\">: 2020 \u2013 2021<\/span><\/p>\n<p><b>Finansowanie: <\/b><span style=\"font-weight: 400\">NCBR \u2013 Konkurs \u201eWsparcie szpitali jednoimiennych w walce z rozprzestrzenianiem si\u0119 zaka\u017cenia wirusem SARS-CoV-2 oraz w leczeniu COVID-19\u201d<\/span><\/p>\n<p style=\"text-align: justify\"><b>Cel projektu: <\/b><span style=\"font-weight: 400\">Projekt mia\u0142 charakter badawczo-rozwojowy. Celem projektu by\u0142o opracowanie nowego rozwi\u0105zania, bazuj\u0105cego na zastosowaniu technologii przyrostowych (ang. Additive Manufacturing \u2013 AM; druk 3D), kt\u00f3re pomagaj\u0105 w ograniczaniu rozprzestrzeniania si\u0119 wirusa SARS-CoV-2, poprzez umo\u017cliwienie natychmiastowego przywr\u00f3cenia ci\u0105g\u0142o\u015bci przerwanych dostaw (od producent\u00f3w) cz\u0119\u015bci zamiennych i alternatywnych (projektowanych pod konkretn\u0105 potrzeb\u0119 danego Szpitala lub nawet pacjenta) do specjalistycznej aparatury medycznej, \u015brodk\u00f3w ochrony osobistej, przyrz\u0105d\u00f3w i instrument\u00f3w. Przedmiotem bada\u0144 by\u0142a mo\u017cliwo\u015b\u0107 wykorzystania nowoczesnych technologii wytwarzania w rozproszonej architekturze, m.in. przy jednoczesnej produkcji w wielu lokalizacjach, przy wykorzystaniu skoordynowanej infrastruktury szpitala. W wyniku realizacji projektu, zosta\u0142y opracowane scenariusze, kt\u00f3re pozwol\u0105 na skr\u00f3cenie czasu oczekiwania na wyr\u00f3b (cz\u0119\u015bci zamienne i alternatywne) do mniej ni\u017c 12 godzin od zg\u0142oszenia zapotrzebowania, wliczaj\u0105c w to zaprojektowanie modelu 3D.<\/span><\/p>\n<p style=\"text-align: justify\"><span style=\"font-weight: 400\">W wyniku projektu powsta\u0142a pilota\u017cowa platforma cyfrowa (<\/span><a href=\"http:\/\/med3d.szpital.wroc.pl\/\"><span style=\"font-weight: 400\">http:\/\/med3d.szpital.wroc.pl\/<\/span><\/a><span style=\"font-weight: 400\">), kt\u00f3ra reprezentuje opracowan\u0105 technologi\u0119 i zawiera baz\u0119 wiedzy w postaci Instrukcji u\u017cytkowania oraz Instrukcji wytwarzania analizowanych demonstrator\u00f3w.<\/span><\/p>\n<p><img loading=\"lazy\" decoding=\"async\" class=\"alignnone size-full wp-image-2152\" src=\"http:\/\/www.camt.pl\/wp-content\/uploads\/2021\/07\/CovidF-scaled.jpg\" alt=\"\" width=\"2560\" height=\"635\" srcset=\"https:\/\/www.camt.pl\/wp-content\/uploads\/2021\/07\/CovidF-scaled.jpg 2560w, https:\/\/www.camt.pl\/wp-content\/uploads\/2021\/07\/CovidF-300x74.jpg 300w, https:\/\/www.camt.pl\/wp-content\/uploads\/2021\/07\/CovidF-1024x254.jpg 1024w, https:\/\/www.camt.pl\/wp-content\/uploads\/2021\/07\/CovidF-768x190.jpg 768w, https:\/\/www.camt.pl\/wp-content\/uploads\/2021\/07\/CovidF-1536x381.jpg 1536w, https:\/\/www.camt.pl\/wp-content\/uploads\/2021\/07\/CovidF-2048x508.jpg 2048w\" sizes=\"auto, (max-width: 2560px) 100vw, 2560px\" \/><\/p>\n<p><\/div><\/div>\n<hr \/>\n<h3>2019<\/h3>\n<div class=\"bg-margin-for-link\"><input type='hidden' bg_collapse_expand='69f8b28072e2c7081090971' value='69f8b28072e2c7081090971'><input type='hidden' id='bg-show-more-text-69f8b28072e2c7081090971' value='Przyrostowe wytwarzanie zindywidualizowanych wyrob\u00f3w medycznych na bazie biomateria\u0142\u00f3w polimerowych'><input type='hidden' id='bg-show-less-text-69f8b28072e2c7081090971' value='Przyrostowe wytwarzanie zindywidualizowanych wyrob\u00f3w medycznych na bazie biomateria\u0142\u00f3w polimerowych'><a id='bg-showmore-action-69f8b28072e2c7081090971' class='bg-showmore-plg-link bg-zoom '  style=\" color:#4a4949;;\" href='#'>Przyrostowe wytwarzanie zindywidualizowanych wyrob\u00f3w medycznych na bazie biomateria\u0142\u00f3w polimerowych<\/a><div id='bg-showmore-hidden-69f8b28072e2c7081090971' ><\/p>\n<p><b>Akronim<\/b><span style=\"font-weight: 400\">: BIOAddMed\u00a0<\/span><\/p>\n<p><b>Lider<\/b><b><i>:<\/i><\/b><span style=\"font-weight: 400\"> Politechnika Wroc\u0142awska<\/span><\/p>\n<p><b>Lata realizacji<\/b><span style=\"font-weight: 400\">: 2019 \u2013 2021<\/span><\/p>\n<p><b>Finansowanie:\u00a0<\/b> NCBR \u2013 program LIDER 0098\/L-9\/2017<\/p>\n<p style=\"text-align: justify\"><b>Cel projektu: <\/b><span style=\"font-weight: 400\">Celem projektu BIOAddMed jest rozw\u00f3j niskobud\u017cetowej technologii przyrostowej typu FFF (Fused Filament Fabrication) w kierunku wytwarzania zindywidualizowanych wyrob\u00f3w medycznych. Badania ukierunkowane s\u0105 na dostarczenie gotowego rozwi\u0105zania zwi\u0105zanego z przyrostowym procesem wytwarzania no\u015bnik\u00f3w lek\u00f3w w postaci \u201etabletek 3D\u201d o po\u017c\u0105danym sk\u0142adzie i charakterystyce uwalniania substancji czynnej na poziomie gotowo\u015bci umo\u017cliwiaj\u0105cej zastosowanie technologii w warunkach operacyjnych. Opracowana technologia umo\u017cliwi tak\u017ce wytwarzanie biodegradowalnych \u201estruktur 3D\u201d o z\u0142o\u017conej geometrii wewn\u0119trznej i okre\u015blonych cechach biomechanicznych, wspomagaj\u0105cych czasow\u0105 stabilizacj\u0119 i regeneracj\u0119 tkanek z jednoczesnym uwalnianiem substancji czynnych.<\/span><\/p>\n<p><img loading=\"lazy\" decoding=\"async\" class=\"alignnone size-full wp-image-2287\" src=\"http:\/\/www.camt.pl\/wp-content\/uploads\/2021\/11\/BioAddMed_F-scaled.jpg\" alt=\"\" width=\"2560\" height=\"635\" srcset=\"https:\/\/www.camt.pl\/wp-content\/uploads\/2021\/11\/BioAddMed_F-scaled.jpg 2560w, https:\/\/www.camt.pl\/wp-content\/uploads\/2021\/11\/BioAddMed_F-300x74.jpg 300w, https:\/\/www.camt.pl\/wp-content\/uploads\/2021\/11\/BioAddMed_F-1024x254.jpg 1024w, https:\/\/www.camt.pl\/wp-content\/uploads\/2021\/11\/BioAddMed_F-768x190.jpg 768w, https:\/\/www.camt.pl\/wp-content\/uploads\/2021\/11\/BioAddMed_F-1536x381.jpg 1536w, https:\/\/www.camt.pl\/wp-content\/uploads\/2021\/11\/BioAddMed_F-2048x508.jpg 2048w\" sizes=\"auto, (max-width: 2560px) 100vw, 2560px\" \/><\/p>\n<p><\/div><\/div>\n<hr \/>\n<h3>2010<\/h3>\n<div class=\"bg-margin-for-link\"><input type='hidden' bg_collapse_expand='69f8b28072f286065210046' value='69f8b28072f286065210046'><input type='hidden' id='bg-show-more-text-69f8b28072f286065210046' value='Bioimplanty dla potrzeb leczenia ubytk\u00f3w tkanki kostnej u chorych onkologicznych'><input type='hidden' id='bg-show-less-text-69f8b28072f286065210046' value='Bioimplanty dla potrzeb leczenia ubytk\u00f3w tkanki kostnej u chorych onkologicznych'><a id='bg-showmore-action-69f8b28072f286065210046' class='bg-showmore-plg-link bg-zoom '  style=\" color:#4a4949;;\" href='#'>Bioimplanty dla potrzeb leczenia ubytk\u00f3w tkanki kostnej u chorych onkologicznych<\/a><div id='bg-showmore-hidden-69f8b28072f286065210046' ><\/p>\n<p><b>Akronim<\/b><span style=\"font-weight: 400\">: BIOIMPLANT\u00a0<\/span><\/p>\n<p><b>Lider<\/b><b><i>:<\/i><\/b><span style=\"font-weight: 400\"> Politechnika Warszawska<\/span><\/p>\n<p><strong>Partnerzy:<\/strong> Centrum Onkologii \u2013 Instytut im. Marii Sk\u0142odowskiej-Curie; <strong>Politechnika Wroc\u0142awska<\/strong>; Warszawski Uniwersytet Medyczny<\/p>\n<p><b>Lata realizacji<\/b><span style=\"font-weight: 400\">: 2010 \u2013 2014<\/span><\/p>\n<p><b>Finansowanie:\u00a0<\/b> NCBiR \u2013 Program Operacyjny Innowacyjna Gospodarka 2007-2013, Priorytet 1. \u2013 badania i rozw\u00f3j nowoczesnych technologii (POIG.01.01.02-00-022\/09)<\/p>\n<p style=\"text-align: justify\"><b>Cel projektu: <\/b><span style=\"font-weight: 400\">Interdyscyplinarny projekt w zakresie medycyny, biologii, in\u017cynierii materia\u0142owej, technologii wytwarzania CAD\/CAM oraz informatyki. W ramach realizacji projektu, opracowano geometri\u0119 rusztowania dla tkanek kostnych (skafoldu), technologi\u0119 wytwarzania mikro-rusztowa\u0144 ze stopu tytanu oraz metodologi\u0119 projektowania ubytk\u00f3w tkanek kostnych wype\u0142nionych geometri\u0105 skafoldu. Wyprodukowane rusztowania, zasiedlone kom\u00f3rkami w warunkach in vitro, zosta\u0142y przebadane w warunkach in vivo na modelach zwierz\u0119cych.<\/span><\/p>\n<p><img loading=\"lazy\" decoding=\"async\" class=\"alignnone size-full wp-image-2156\" src=\"http:\/\/www.camt.pl\/wp-content\/uploads\/2021\/07\/Bioimplant-scaled.jpg\" alt=\"\" width=\"2560\" height=\"635\" srcset=\"https:\/\/www.camt.pl\/wp-content\/uploads\/2021\/07\/Bioimplant-scaled.jpg 2560w, https:\/\/www.camt.pl\/wp-content\/uploads\/2021\/07\/Bioimplant-300x74.jpg 300w, https:\/\/www.camt.pl\/wp-content\/uploads\/2021\/07\/Bioimplant-1024x254.jpg 1024w, https:\/\/www.camt.pl\/wp-content\/uploads\/2021\/07\/Bioimplant-768x190.jpg 768w, https:\/\/www.camt.pl\/wp-content\/uploads\/2021\/07\/Bioimplant-1536x381.jpg 1536w, https:\/\/www.camt.pl\/wp-content\/uploads\/2021\/07\/Bioimplant-2048x508.jpg 2048w\" sizes=\"auto, (max-width: 2560px) 100vw, 2560px\" \/><\/p>\n<p><\/div><\/div>\n","protected":false},"excerpt":{"rendered":"<p>Projekty z bran\u017cy MEDYCZNEJ zrealizaowane w jednostce 2023 2020 2019 2010<\/p>\n","protected":false},"author":4,"featured_media":0,"parent":0,"menu_order":0,"comment_status":"closed","ping_status":"closed","template":"template-fullwidth.php","meta":{"footnotes":""},"class_list":["post-1890","page","type-page","status-publish","hentry"],"_links":{"self":[{"href":"https:\/\/www.camt.pl\/index.php\/wp-json\/wp\/v2\/pages\/1890","targetHints":{"allow":["GET"]}}],"collection":[{"href":"https:\/\/www.camt.pl\/index.php\/wp-json\/wp\/v2\/pages"}],"about":[{"href":"https:\/\/www.camt.pl\/index.php\/wp-json\/wp\/v2\/types\/page"}],"author":[{"embeddable":true,"href":"https:\/\/www.camt.pl\/index.php\/wp-json\/wp\/v2\/users\/4"}],"replies":[{"embeddable":true,"href":"https:\/\/www.camt.pl\/index.php\/wp-json\/wp\/v2\/comments?post=1890"}],"version-history":[{"count":8,"href":"https:\/\/www.camt.pl\/index.php\/wp-json\/wp\/v2\/pages\/1890\/revisions"}],"predecessor-version":[{"id":2388,"href":"https:\/\/www.camt.pl\/index.php\/wp-json\/wp\/v2\/pages\/1890\/revisions\/2388"}],"wp:attachment":[{"href":"https:\/\/www.camt.pl\/index.php\/wp-json\/wp\/v2\/media?parent=1890"}],"curies":[{"name":"wp","href":"https:\/\/api.w.org\/{rel}","templated":true}]}}