{"id":1932,"date":"2021-06-30T14:33:20","date_gmt":"2021-06-30T12:33:20","guid":{"rendered":"http:\/\/www.camt.pl\/?page_id=1932"},"modified":"2023-02-16T11:35:20","modified_gmt":"2023-02-16T10:35:20","slug":"aparatura-badawcza","status":"publish","type":"page","link":"https:\/\/www.camt.pl\/index.php\/pl\/aparatura-badawcza\/","title":{"rendered":"Aparatura badawcza"},"content":{"rendered":"\n<h3 class=\"wp-block-heading\"><strong>Technologie przyrostowe<\/strong> (metale)<\/h3>\n\n\n<ul>\n<li style=\"list-style-type: none;\">\n<ul>\n<li style=\"font-weight: 400;\" aria-level=\"2\"><span style=\"font-weight: 400;\"><strong>SLM 280 2.0 Dual<\/strong> <em>(SLM Solutions, Lubeka, Niemcy<\/em>) \u2013 urz\u0105dzenie L-PBF<\/span><\/li>\n<li aria-level=\"2\"><strong>SLM 250<\/strong> (<em>Realizer, Borchen, Niemc<\/em>y) \u2013 urz\u0105dzenie L-PBF<\/li>\n<li aria-level=\"2\"><strong>SLM 50<\/strong> (<em>Realizer, Borchen, Niemcy<\/em>) \u2013 urz\u0105dzenie L-PBF<\/li>\n<li aria-level=\"2\"><strong>EBM A1<\/strong> (<em>Arcam AB, M\u00f6lnlycke, Szwecja<\/em>) \u2013 urz\u0105dzenie EB-PBF<\/li>\n<\/ul>\n<\/li>\n<\/ul>\n\n\n<h3 class=\"wp-block-heading\"><strong>Technologie przyrostowe (tworzywa sztuczne)<\/strong><\/h3>\n\n\n<ul>\n<li style=\"list-style-type: none;\">\n<ul>\n<li aria-level=\"2\"><strong>Formiga P110<\/strong> (<em>EOS, Krailling, Germany<\/em>) \u2013 urz\u0105dzenie polymer laser sintering, umo\u017cliwiaj\u0105ce przetwarzanie materia\u0142\u00f3w polimerowych w postaci proszku, dost\u0119pne wysoko\u015bci warstwy 0,06 mm; 0,1 mm; 0,12 mm, dost\u0119pny edytor parametr\u00f3w. Licencje materia\u0142owe dost\u0119pne dla PA12 (PA 2200), PA12+ (PA 3200 GF, Alumide), TPU (EOS TPU 1301), PS (PrimeCast 101)<\/li>\n<li aria-level=\"2\"><strong>Fuse 1<\/strong> (<em>Formlabs, Somerville, Massachusetts, USA<\/em>) \u2013 urz\u0105dzenie polymer laser sintering, umo\u017cliwiaj\u0105ce przetwarzanie materia\u0142\u00f3w polimerowych w postaci proszku, dost\u0119pna wysoko\u015b\u0107 warstwy 0,11 mm. Licencje materia\u0142owe dost\u0119pne na PA12 i PA11 (czarny)<\/li>\n<li aria-level=\"2\"><strong>Form 3B<\/strong> (Formlabs, Somerville, Massachusetts, USA) \u2013 urz\u0105dzenie pracuj\u0105ce w technologii stereolitografii w wersji posiadaj\u0105cej zestawy parametr\u00f3w dla \u017cywi\u0107 standardowych, in\u017cynierskich oraz z certyfikatami medycznymi<\/li>\n<li aria-level=\"2\"><strong>Form 3L<\/strong> (Formlabs, Somerville, Massachusetts, USA) \u2013 urz\u0105dzenie pracuj\u0105ce w technologii stereolitografii w wersji posiadaj\u0105cej zestawy parametr\u00f3w dla \u017cywi\u0107 standardowych, in\u017cynierskich. Wersja powi\u0119kszona<\/li>\n<li aria-level=\"2\"><strong>F170<\/strong> (Stratasys, Eden Prairie, Minnesota, USA) \u2013 urz\u0105dzenie pracuj\u0105ce w technologii Fused Deposition Modeling<\/li>\n<li aria-level=\"2\"><strong>BIO X<\/strong> (CELLINK, G\u00f6teborg, Szwecja) \u2013 biodrukarka<\/li>\n<\/ul>\n<\/li>\n<\/ul>\n\n\n<h3 class=\"wp-block-heading\"><strong>Badania materia\u0142owe<\/strong><\/h3>\n\n\n<ul>\n<li style=\"list-style-type: none;\">\n<ul>\n<li style=\"font-weight: 400;\" aria-level=\"1\"><b>SIGMA 500VP<\/b> <i><span style=\"font-weight: 400;\">(CARL ZEISS, Oberkochen, Niemcy)<\/span><\/i><span style=\"font-weight: 400;\"> \u2013 skaningowy mikroskop elektronowy z emisj\u0105 polow\u0105<\/span><\/li>\n<li style=\"font-weight: 400;\" aria-level=\"1\"><b>EVO MA25 <\/b><span style=\"font-weight: 400;\">(<\/span><i><span style=\"font-weight: 400;\">CARL ZEISS, Oberkochen, Niemcy<\/span><\/i><span style=\"font-weight: 400;\">) \u2013 skaningowy mikroskop elektronowy<\/span><\/li>\n<li style=\"font-weight: 400;\" aria-level=\"1\"><b>LEXT OLS4000 <\/b><i><span style=\"font-weight: 400;\">(Olympus, Tokio, Japonia)<\/span><\/i><span style=\"font-weight: 400;\"> \u2013 mikroskop konfokalny<\/span><\/li>\n<li style=\"font-weight: 400;\" aria-level=\"1\"><b>TALYSURF CCI <\/b><i><span style=\"font-weight: 400;\">(Taylor Hobson, Leicester, Wielka Brytania)<\/span><\/i><span style=\"font-weight: 400;\"> \u2013 interferometr<\/span><\/li>\n<li style=\"font-weight: 400;\" aria-level=\"1\"><b>Rigaku MiniFlex 600 XRD<\/b> <i><span style=\"font-weight: 400;\">(Rigaku Corporation, Tokio, Japonia)<\/span><\/i><span style=\"font-weight: 400;\"> \u2013 dyfraktometr rentgenowski (XRD)<\/span><\/li>\n<li style=\"font-weight: 400;\" aria-level=\"1\"><b>G4 ICARUS <\/b><i><span style=\"font-weight: 400;\">(BRUKER, Billerica, Stany Zjednoczone)<\/span><\/i><span style=\"font-weight: 400;\"> \u2013 analizator w\u0119gla i siarki<\/span><\/li>\n<li style=\"font-weight: 400;\" aria-level=\"1\"><b>G8 GALILEO<\/b> <i><span style=\"font-weight: 400;\">(BRUKER, Billerica, Stany Zjednoczone<\/span><\/i><span style=\"font-weight: 400;\">) \u2013 analizator tlenu, wodoru i azotu<\/span><\/li>\n<li style=\"font-weight: 400;\" aria-level=\"1\"><b>SPECTRO XEPOS <\/b><i><span style=\"font-weight: 400;\">(METEK, Kleve, Niemcy)<\/span><\/i><span style=\"font-weight: 400;\"> \u2013 spektrometr fluorescencji rentgenowskiej z dyspersj\u0105 energii (ED-XRF)<\/span><\/li>\n<li style=\"font-weight: 400;\" aria-level=\"1\"><b>Q150R ES <\/b><i><span style=\"font-weight: 400;\">(Quorum, Laughton, Wielka Brytania)<\/span><\/i><span style=\"font-weight: 400;\"> \u2013 napylarka niskopr\u00f3\u017cniowa<\/span><\/li>\n<li style=\"font-weight: 400;\" aria-level=\"1\"><b>LEICA EM CPD300 <\/b><i><span style=\"font-weight: 400;\">(Leica, Wetzlar, Niemcy)<\/span><\/i><span style=\"font-weight: 400;\"> \u2013 suszarka w punkcie krytycznym<\/span><\/li>\n<li style=\"font-weight: 400;\" aria-level=\"1\"><b>MultiTest 1-i <\/b><i><span style=\"font-weight: 400;\">(Mecmesin, Slinfold, Wielka Brytania)<\/span><\/i><span style=\"font-weight: 400;\"> \u2013 maszyna wytrzyma\u0142o\u015bciowa<\/span><\/li>\n<li style=\"font-weight: 400;\" aria-level=\"1\"><b>INSTRON 3384 <\/b><i><span style=\"font-weight: 400;\">(INSTRON, Norwood, Stany Zjednoczone)<\/span><\/i><span style=\"font-weight: 400;\"> \u2013 maszyna do bada\u0144 wytrzyma\u0142o\u015bciowych z ekstensometrem<\/span><\/li>\n<li style=\"font-weight: 400;\" aria-level=\"1\"><b>INSTRON 8872 <\/b><i><span style=\"font-weight: 400;\">(INSTRON, Norwood, Stany Zjednoczone)<\/span><\/i><span style=\"font-weight: 400;\"> \u2013 maszyna do bada\u0144 wytrzyma\u0142o\u015bciowych z komor\u0105 -150\u00b0C do 600\u00b0C<\/span><\/li>\n<li style=\"font-weight: 400;\" aria-level=\"1\"><b>HELOS H3776, RODOS\/T4\/R4 <\/b><i><span style=\"font-weight: 400;\">(Sympatec GmbH, Clausthal-Zellerfeld, Niemcy)<\/span><\/i><span style=\"font-weight: 400;\"> \u2013 dyfraktometr laserowy do rozk\u0142adu frakcji proszku<\/span><\/li>\n<li style=\"font-weight: 400;\" aria-level=\"1\"><b>GranuDrum <\/b><i><span style=\"font-weight: 400;\">(Granutools, Awans, Belgia)<\/span><\/i><span style=\"font-weight: 400;\"> \u2013 analizator b\u0119bnowy do wyznaczania sypko\u015bci dynamicznej<\/span><\/li>\n<li aria-level=\"1\"><strong>FT4<\/strong> (Freeman Technology, Tewkesbury, Wielka Brytania) &#8211; reometr do pomiaru sypko\u015bci proszku w warunkach dynamicznych<\/li>\n<li style=\"font-weight: 400;\" aria-level=\"1\"><b>Flow Meter SLM-powder <\/b><i><span style=\"font-weight: 400;\">(SLM Solutions Group AG, Lubeka, Niemcy)<\/span><\/i><span style=\"font-weight: 400;\"> \u2013 lejek Hall\u2019a do wyznaczania sypko\u015bci statycznej<\/span><\/li>\n<li style=\"font-weight: 400;\" aria-level=\"1\"><b>Exemplar Plus BTC655N-ST <\/b><i><span style=\"font-weight: 400;\">(B&amp;W Tek, Newark, USA)<\/span><\/i><span style=\"font-weight: 400;\"> \u2013 spektrofotometr absorbcji promieniowania laserowego<\/span><\/li>\n<li style=\"font-weight: 400;\" aria-level=\"1\"><span style=\"font-weight: 400;\"><strong>MTS3000 \u2013 Restan<\/strong> (<em>SINT TECHNOLOGY SRL, Calenzano (FI), W\u0142ochy<\/em>) &#8211; system do bada\u0144 napr\u0119\u017ce\u0144 w\u0142asnych zgodnie z norm\u0105 ASTM E837<\/span><\/li>\n<li style=\"font-weight: 400;\" aria-level=\"1\"><span style=\"font-weight: 400;\"><strong>ZHV\u03bc-A<\/strong> (<em>Zwick-Roell, Leominster, Wielka Brytania<\/em>) \u2013 mikrotwardo\u015bciomierz dla metod Vickers\u2019a i Knoop\u2019a w zakresie od 10 \u2013 2000 g, wyznaczonych wg normy EN ISO 6507, ISO 4545<\/span><\/li>\n<li style=\"font-weight: 400;\" aria-level=\"1\"><span style=\"font-weight: 400;\"><strong>Wilson Wolpert 432SVD<\/strong> (<em>Buehler Worldwide HQ, Lake Bluff, Illinois, USA<\/em>) \u2013 umo\u017cliwia wykonywanie w pe\u0142ni zautomatyzowanych pomiar\u00f3w twardo\u015bci metod\u0105 Vickersa w zakresie od 0,3 \u2013 30 kg <\/span><\/li>\n<li style=\"font-weight: 400;\" aria-level=\"1\"><strong>PARSTAT 4000<\/strong> (Ametek, USA) <span style=\"font-weight: 400;\">&#8211; potencjostat\/ galwanostat posiadaj\u0105cy tr\u00f3jelektrodowy uk\u0142ad pomiarowy wraz z oprogramowaniem VersaStudio i Nova<\/span><\/li>\n<li aria-level=\"1\"><strong>Mflow<\/strong> (Zwick-Roell, Leominster, Wielka Brytania) &#8211; plastometr do wyznaczania wska\u017anika szybko\u015bci p\u0142yni\u0119cia (MFR, MVR)<\/li>\n<\/ul>\n<\/li>\n<\/ul>\n\n\n<h3 class=\"wp-block-heading\"><strong>Badania nieniszcz\u0105ce<\/strong><\/h3>\n\n\n<ul>\n<li style=\"list-style-type: none;\">\n<ul>\n<li><b>Phoenix v|tome|x m 300 <\/b><i>(GE Sensing &amp; Inspection Technologies GmbH, Wunstorf, Niemcy)<\/i> \u2013 techniczny tomograf komputerowy ze skupion\u0105 nano\/mikro-wi\u0105zk\u0105 &#8211; wersja metrologiczna<\/li>\n<li><strong>METROTOM 1500 ZEISS<\/strong> (<i>CARL ZEISS, Oberkochen, Niemcy<\/i>) \u2013 techniczny tomograf ze skupion\u0105 mikro-wi\u0105zk\u0105<\/li>\n<li><strong>Datos 2.7.2, METROTOM OS<\/strong> &#8211; dedykowane oprogramowanie do rekonstrukcji danych tomograficznych<\/li>\n<li><strong>VG Studio MAX 3.3<\/strong> (<em>Volume Graphics GmbH, Heidelberg, Niemcy<\/em>) \u2013 dedykowane oprogramowanie do wizualizacji i analizy danych tomograficznych (analiza porowato\u015bci, wtr\u0105ce\u0144, pianek, w\u0142\u00f3kien, in\u017cynieria odwrotna, pomiary wsp\u00f3\u0142rz\u0119dno\u015bciowe, symulacje numeryczne)<\/li>\n<li><strong>Mimics Materialise<\/strong>, <strong>Geomagic<\/strong>, <strong>GOM Inspect<\/strong>, <strong>ImageJ<\/strong> \u2013 oprogramowanie do analizy i obr\u00f3bki danych wolumetrycznych<\/li>\n<\/ul>\n<\/li>\n<\/ul>\n\n\n<h3 class=\"wp-block-heading\"><strong>Obr\u00f3bka skrawaniem<\/strong><\/h3>\n\n\n<ul>\n<li style=\"list-style-type: none;\">\n<ul>\n<li><span style=\"font-weight: 400;\"><strong>DMG Mori CLX 350 V5<\/strong> (DMG Mori, Nagoja, Japonia) \u2013 tokarka z mo\u017cliwo\u015bci\u0105 frezowania (Mill-turn)<\/span><\/li>\n<li><span style=\"font-weight: 400;\"><strong>Hermle B300U<\/strong> (Hermle, Gosheim, Niemcy) \u2013 5-osiowe centrum frezarskie<\/span><\/li>\n<li><span style=\"font-weight: 400;\"><strong>Hermle C20U Laser Hybrid<\/strong> (Hermle, Gosheim, Niemcy) \u2013 hybrydowe 5-osiowe centrum frezarskie<\/span><\/li>\n<\/ul>\n<\/li>\n<\/ul>\n\n\n<h3 class=\"wp-block-heading\"><strong>Obr\u00f3bka cieplna<\/strong><\/h3>\n\n\n<ul>\n<li style=\"list-style-type: none;\">\n<ul>\n<li style=\"font-weight: 400;\" aria-level=\"2\"><b>TAV H3-S 1600 <\/b><i><span style=\"font-weight: 400;\">(TAV Vacuum Furnaces SPA, Caravaggio, W\u0142ochy)<\/span><\/i><span style=\"font-weight: 400;\"> \u2013 piec pr\u00f3\u017cniowy, wysokotemperaturowy<\/span><\/li>\n<li style=\"font-weight: 400;\" aria-level=\"2\"><b style=\"font-size: inherit;\">Czylok<\/b><span style=\"font-weight: 400;\"> (Polska) &#8211; piec laboratoryjny<\/span><\/li>\n<\/ul>\n<\/li>\n<\/ul>\n\n\n<h3 class=\"wp-block-heading\"><strong>Technologie laserowe<\/strong><\/h3>\n\n\n<ul>\n<li style=\"list-style-type: none;\">\n<ul>\n<li style=\"font-weight: 400;\" aria-level=\"1\"><b>TalySurf CCI 6000 <\/b><span style=\"font-weight: 400;\">(<\/span><i><span style=\"font-weight: 400;\">Taylor Hobson, Leicester, Wielka Brytania<\/span><\/i><span style=\"font-weight: 400;\">) &#8211; interferometr \u015bwiat\u0142a bia\u0142ego<\/span><\/li>\n<li style=\"font-weight: 400;\" aria-level=\"1\"><b>Duetto laser system <\/b><span style=\"font-weight: 400;\">(<\/span><i><span style=\"font-weight: 400;\">Lumentum, San Jose, Stany Zjednoczone<\/span><\/i><span style=\"font-weight: 400;\">) &#8211; laser pikosekundowy Nd:Y VO4 (1064\/532\/355 nm)<\/span><\/li>\n<li style=\"font-weight: 400;\" aria-level=\"1\"><b style=\"font-size: inherit;\">YLR-1000-WC <\/b><span style=\"font-weight: 400;\">(<\/span><i style=\"font-size: inherit;\">IPG, Oxford, Stany Zjednoczone<\/i><span style=\"font-weight: 400;\">) &#8211; laser jednomodowy 1kW z&nbsp;g\u0142owic\u0105 FLW D30<\/span><\/li>\n<\/ul>\n<\/li>\n<\/ul>\n\n\n<h3 class=\"wp-block-heading\"><strong>Aparatura do pomiar\u00f3w optycznych i wizyjnych<\/strong><\/h3>\n\n\n<ul>\n<li style=\"list-style-type: none;\">\n<ul>\n<li style=\"font-weight: 400;\" aria-level=\"1\"><b>Blackfly S BFS-PGE-51S5P-C<\/b><span style=\"font-weight: 400;\"> (<\/span><i><span style=\"font-weight: 400;\">FLIR, Wilsonville, USA<\/span><\/i><span style=\"font-weight: 400;\">) &#8211; kamera polaryzacyjna&nbsp;<\/span><\/li>\n<li style=\"font-weight: 400;\" aria-level=\"1\"><b>HR4000<\/b><span style=\"font-weight: 400;\"> (<\/span><i><span style=\"font-weight: 400;\">Ocean Insight, Orlando, USA<\/span><\/i><span style=\"font-weight: 400;\">) &#8211; spektrometr UV-VIS-NIR &#8211; 200-1100 nm<\/span><\/li>\n<li style=\"font-weight: 400;\" aria-level=\"1\"><b>NIRQuest<\/b><span style=\"font-weight: 400;\"> (<\/span><i><span style=\"font-weight: 400;\">Ocean Insight, Orlando, USA<\/span><\/i><span style=\"font-weight: 400;\">) &#8211; spektrometr NIR &#8211; 900-2200 nm<\/span><\/li>\n<li style=\"font-weight: 400;\" aria-level=\"1\"><b>LJ-V7020<\/b><span style=\"font-weight: 400;\"> (<\/span><i><span style=\"font-weight: 400;\">Keyence, Osaka, Japan<\/span><\/i><span style=\"font-weight: 400;\">) &#8211; laserowa g\u0142owica triangulacyjna<\/span><\/li>\n<li style=\"font-weight: 400;\" aria-level=\"1\"><b style=\"font-size: inherit;\">LJ-V7060<\/b><span style=\"font-weight: 400;\"> (<\/span><i style=\"font-size: inherit;\">Keyence, Osaka, Japan<\/i><span style=\"font-weight: 400;\">) &#8211; laserowa g\u0142owica triangulacyjna&nbsp;<\/span><\/li>\n<\/ul>\n<\/li>\n<\/ul>\n\n\n<h3 class=\"wp-block-heading\"><strong>Aparatura z zakresu automatyki i robotyki<\/strong><\/h3>\n\n\n\n<h4 class=\"wp-block-heading\"><strong>Roboty przemys\u0142owe<\/strong><\/h4>\n\n\n<ul>\n<li style=\"list-style-type: none;\">\n<ul>\n<li style=\"font-weight: 400;\" aria-level=\"2\"><span style=\"font-weight: 400;\"><strong>Mitsubishi RV 3AL<\/strong> &#8211; 6-osiowy robot przemys\u0142owy o ud\u017awigu 3 kg<\/span><\/li>\n<li style=\"font-weight: 400;\" aria-level=\"2\"><span style=\"font-weight: 400;\"><strong>Toshiba THL700<\/strong> &#8211; 4-osiowy robot przemys\u0142owy typu SCAR<\/span><\/li>\n<li style=\"font-weight: 400;\" aria-level=\"2\"><span style=\"font-weight: 400;\"><strong>KUKA KR60HA<\/strong> zintegrowany z dwuosiowym pozycjonerem KUKA KP2-HV &#8211; 6-osiowy robot przemys\u0142owy o podwy\u017cszonej sztywno\u015bci i ud\u017awigu 60 kg zintegrowany z wysokoobrotowym elektrowrzecionem i pozycjonerem dwuosiowym<\/span><\/li>\n<li style=\"font-weight: 400;\" aria-level=\"2\"><span style=\"font-weight: 400;\"><strong>Kawasaki R007L<\/strong> &#8211; 6-osiowy robot przemys\u0142owy<\/span><\/li>\n<li style=\"font-weight: 400;\" aria-level=\"2\"><span style=\"font-weight: 400;\"><strong>EPSON LS6<\/strong> &#8211; 4-osiowy robot przemys\u0142owy typu SCARA<\/span><\/li>\n<li style=\"font-weight: 400;\" aria-level=\"2\"><span style=\"font-weight: 400;\"><strong>EPSON VT6<\/strong> &#8211; 6-osiowy robot przemys\u0142owy<\/span><\/li>\n<\/ul>\n<\/li>\n<\/ul>\n\n\n<h4 class=\"wp-block-heading\"><strong>Roboty wsp\u00f3\u0142pracuj\u0105ce<\/strong><\/h4>\n\n\n<ul>\n<li style=\"list-style-type: none;\">\n<ul>\n<li style=\"font-weight: 400;\" aria-level=\"2\"><span style=\"font-weight: 400;\"><strong>Universal Robots UR10<\/strong> &#8211; 6-osiowy robot wsp\u00f3\u0142pracuj\u0105cy<\/span><\/li>\n<li style=\"font-weight: 400;\" aria-level=\"2\"><span style=\"font-weight: 400;\"><strong>ABB YuMi<\/strong> &#8211; dwuramienny robota wsp\u00f3\u0142pracuj\u0105cy przeznaczony do monta\u017cu ma\u0142ych cz\u0119\u015bci<\/span><\/li>\n<\/ul>\n<\/li>\n<\/ul>\n\n\n<h4 class=\"wp-block-heading\"> <strong>Roboty mobilne<\/strong> <\/h4>\n\n\n<ul>\n<li style=\"list-style-type: none;\">\n<ul>\n<li><span style=\"font-weight: 400;\">Mobile Industrial Robots <strong>MiR100<\/strong> &#8211; autonomiczny transportowy robot mobilny<\/span><\/li>\n<\/ul>\n<\/li>\n<\/ul>\n\n\n<h4 class=\"wp-block-heading\"><strong>Systemy wizyjne (integracja z robotami)<\/strong><\/h4>\n\n\n<ul>\n<li style=\"list-style-type: none;\">\n<ul>\n<li style=\"font-weight: 400;\" aria-level=\"2\"><span style=\"font-weight: 400;\">RobotiQ &#8211; system wizyjny inteligentnego chwytaka robota wsp\u00f3\u0142pracuj\u0105cego<\/span><\/li>\n<li style=\"font-weight: 400;\" aria-level=\"2\"><span style=\"font-weight: 400;\">EPSON &#8211; system wizyjny do inspekcji i kontroli jako\u015bci element\u00f3w<\/span><\/li>\n<li style=\"font-weight: 400;\" aria-level=\"2\"><span style=\"font-weight: 400;\">Balluff &#8211; system wizyjny do inspekcji i kontroli jako\u015bci element\u00f3w<\/span><\/li>\n<li style=\"font-weight: 400;\" aria-level=\"2\"><span style=\"font-weight: 400;\">Paletowy system transportowy Bosch z rozproszonym uk\u0142adem sterowania<\/span><\/li>\n<li style=\"font-weight: 400;\" aria-level=\"2\"><span style=\"font-weight: 400;\">Wysokoobrotowe elektrowrzeciona z uk\u0142adami sterowania i ch\u0142odzenia GMN (20\/60\/105 tys. obr.\/min)<\/span><\/li>\n<\/ul>\n<\/li>\n<\/ul>\n\n\n<h4 class=\"wp-block-heading\"><strong>Sterowniki PLC<\/strong><\/h4>\n\n\n<ul>\n<li style=\"list-style-type: none;\">\n<ul>\n<li style=\"font-weight: 400;\" aria-level=\"2\"><span style=\"font-weight: 400;\">Siemens<\/span><\/li>\n<li style=\"font-weight: 400;\" aria-level=\"2\"><span style=\"font-weight: 400;\">Phoenix Contact<\/span><\/li>\n<li style=\"font-weight: 400;\" aria-level=\"2\"><span style=\"font-weight: 400;\">ASTRAADA ONE<\/span><\/li>\n<li style=\"font-weight: 400;\" aria-level=\"2\"><span style=\"font-weight: 400;\">Beckhoff<\/span><\/li>\n<\/ul>\n<\/li>\n<\/ul>\n\n\n<h4 class=\"wp-block-heading\">Analizy<\/h4>\n\n\n<ul>\n<li style=\"list-style-type: none;\">\n<ul>\n<li style=\"font-weight: 400;\" aria-level=\"2\"><span style=\"font-weight: 400;\">GOM ARAMIS &#8211; bezkontaktowy i niezale\u017cny od materia\u0142u system pomiarowy oparty na cyfrowej korelacji obraz\u00f3w<\/span><\/li>\n<li style=\"font-weight: 400;\" aria-level=\"2\"><span style=\"font-weight: 400;\">Szybki skaner laserowy SICK LMS400<\/span><\/li>\n<\/ul>\n<\/li>\n<\/ul>\n\n\n<h4 class=\"wp-block-heading\"><strong>Integracj\u0119 Przemys\u0142owego Internetu Rzeczy IIoT z wykorzystaniem<\/strong><\/h4>\n\n\n<ul>\n<li style=\"list-style-type: none;\">\n<ul>\n<li style=\"font-weight: 400;\" aria-level=\"2\"><span style=\"font-weight: 400;\">IO-Link<\/span><\/li>\n<li style=\"font-weight: 400;\" aria-level=\"2\"><span style=\"font-weight: 400;\">OPC-UA<\/span><\/li>\n<li style=\"font-weight: 400;\" aria-level=\"2\"><span style=\"font-weight: 400;\">MQTT<\/span><\/li>\n<li style=\"font-weight: 400;\" aria-level=\"2\"><span style=\"font-weight: 400;\">REST<\/span><\/li>\n<\/ul>\n<\/li>\n<\/ul>\n\n\n<h4 class=\"wp-block-heading\"><strong>Demonstrator technologii<\/strong><\/h4>\n\n\n<ul>\n<li style=\"list-style-type: none;\">\n<ul>\n<li style=\"font-weight: 400;\" aria-level=\"2\">\n<div>Paletowy system transportowy &#8211; system transportowy Bosch z rozproszonym uk\u0142adem sterowania<\/div>\n<\/li>\n<li style=\"font-weight: 400;\" aria-level=\"2\">\n<div>Model Factory &#8211; demonstrator technologii przemys\u0142u 4.0 w Digital Innovation Hub Wroc\u0142aw<\/div>\n<\/li>\n<\/ul>\n<\/li>\n<\/ul>","protected":false},"excerpt":{"rendered":"<p>Technologie przyrostowe (metale) SLM 280 2.0 Dual (SLM Solutions, Lubeka, Niemcy) \u2013 urz\u0105dzenie L-PBF SLM 250 (Realizer, Borchen, Niemcy) \u2013 urz\u0105dzenie L-PBF SLM 50 (Realizer, Borchen, Niemcy) \u2013 urz\u0105dzenie L-PBF &#8230;<\/p>\n","protected":false},"author":4,"featured_media":0,"parent":0,"menu_order":0,"comment_status":"closed","ping_status":"closed","template":"template-fullwidth.php","meta":{"footnotes":""},"class_list":["post-1932","page","type-page","status-publish","hentry"],"_links":{"self":[{"href":"https:\/\/www.camt.pl\/index.php\/wp-json\/wp\/v2\/pages\/1932","targetHints":{"allow":["GET"]}}],"collection":[{"href":"https:\/\/www.camt.pl\/index.php\/wp-json\/wp\/v2\/pages"}],"about":[{"href":"https:\/\/www.camt.pl\/index.php\/wp-json\/wp\/v2\/types\/page"}],"author":[{"embeddable":true,"href":"https:\/\/www.camt.pl\/index.php\/wp-json\/wp\/v2\/users\/4"}],"replies":[{"embeddable":true,"href":"https:\/\/www.camt.pl\/index.php\/wp-json\/wp\/v2\/comments?post=1932"}],"version-history":[{"count":25,"href":"https:\/\/www.camt.pl\/index.php\/wp-json\/wp\/v2\/pages\/1932\/revisions"}],"predecessor-version":[{"id":2409,"href":"https:\/\/www.camt.pl\/index.php\/wp-json\/wp\/v2\/pages\/1932\/revisions\/2409"}],"wp:attachment":[{"href":"https:\/\/www.camt.pl\/index.php\/wp-json\/wp\/v2\/media?parent=1932"}],"curies":[{"name":"wp","href":"https:\/\/api.w.org\/{rel}","templated":true}]}}