{"id":1934,"date":"2021-06-30T14:33:46","date_gmt":"2021-06-30T12:33:46","guid":{"rendered":"http:\/\/www.camt.pl\/?page_id=1934"},"modified":"2023-02-16T11:35:29","modified_gmt":"2023-02-16T10:35:29","slug":"technologies","status":"publish","type":"page","link":"https:\/\/www.camt.pl\/index.php\/en\/technologies\/","title":{"rendered":"Technologies"},"content":{"rendered":"\n<h3 class=\"wp-block-heading\"><strong>Additive technologies (metals)<\/strong><\/h3>\n\n\n<ul>\n<li style=\"font-weight: 400;\" aria-level=\"2\"><span style=\"font-weight: 400;\"><strong>SLM 280 2.0 Dual<\/strong> <em>(SLM Solutions, Lubeka, Niemcy<\/em>) \u2013 L-PBF system<\/span><\/li>\n<li aria-level=\"2\"><strong>SLM 250<\/strong> (<em>Realizer, Borchen, Niemc<\/em>y) \u2013 L-PBF system<\/li>\n<li aria-level=\"2\"><strong>SLM 50<\/strong> (<em>Realizer, Borchen, Niemcy<\/em>) \u2013 L-PBF system<\/li>\n<li aria-level=\"2\"><strong>EBM A1<\/strong> (<em>Arcam AB, M\u00f6lnlycke, Szwecja<\/em>) \u2013 E-PBF system<\/li>\n<\/ul>\n\n\n<h3 class=\"wp-block-heading\"><strong> Additive technologies (plastics)<\/strong><\/h3>\n\n\n<ul>\n<li aria-level=\"2\"><strong>Formiga P110<\/strong> (<em>EOS, Krailling, Germany<\/em>) \u2013 polymer laser sintering machine for processing polymer materials in powder form, available layer heights 0.06 mm; 0.1 mm; 0.12 mm, parameter editor available. Material licenses available for PA12 (PA 2200), PA12+ (PA 3200 GF, Alumide), TPU (EOS TPU 1301), PS (PrimeCast 101)<\/li>\n<li aria-level=\"2\"><strong>Fuse 1<\/strong> (<em>Formlabs, Somerville, Massachusetts, USA<\/em>) \u2013 polymer laser sintering machine for processing polymer materials in powder form, available layer height 0.11 mm. Material licenses available for PA12 and PA11 (black)<\/li>\n<li aria-level=\"2\"><strong>Form 3B<\/strong> (Formlabs, Somerville, Massachusetts, USA) \u2013 stereolithography equipment with parameter sets for standard, engineered and medically certified resins<\/li>\n<li aria-level=\"2\"><strong>Form 3L<\/strong> (Formlabs, Somerville, Massachusetts, USA) \u2013 Stereolithography device in a version with parameter sets for standard engineering resins. Enlarged version<\/li>\n<li aria-level=\"2\"><strong>F170<\/strong> (Stratasys, Eden Prairie, Minnesota, USA) \u2013 system working in the Fused Deposition Modeling technology<\/li>\n<li aria-level=\"2\"><strong>BIO X<\/strong> (CELLINK, G\u00f6teborg, Szwecja) \u2013 bioprinter<\/li>\n<\/ul>\n\n\n<h3 class=\"wp-block-heading\"><strong>Materials testing<\/strong><\/h3>\n\n\n<ul>\n<li style=\"font-weight: 400;\" aria-level=\"1\"><b>SIGMA 500VP<\/b> <i><span style=\"font-weight: 400;\">(CARL ZEISS, Oberkochen, Germany)<\/span><\/i><span style=\"font-weight: 400;\"> \u2013 field emission scanning electron microscope<\/span><\/li>\n<li style=\"font-weight: 400;\" aria-level=\"1\"><b>EVO MA25 <\/b><span style=\"font-weight: 400;\">(<\/span><i><span style=\"font-weight: 400;\">CARL ZEISS, Oberkochen, Germany<\/span><\/i><span style=\"font-weight: 400;\">) \u2013 scanning electron microscope<\/span><\/li>\n<li style=\"font-weight: 400;\" aria-level=\"1\"><b>LEXT OLS4000 <\/b><i><span style=\"font-weight: 400;\">(Olympus, Tokio, Japan)<\/span><\/i><span style=\"font-weight: 400;\"> \u2013 confocal microscope<\/span><\/li>\n<li style=\"font-weight: 400;\" aria-level=\"1\"><b>TALYSURF CCI <\/b><i><span style=\"font-weight: 400;\">(Taylor Hobson, Leicester, Great Britain)<\/span><\/i><span style=\"font-weight: 400;\"> \u2013 interferometer<\/span><\/li>\n<li style=\"font-weight: 400;\" aria-level=\"1\"><b>Rigaku MiniFlex 600 XRD<\/b> <i><span style=\"font-weight: 400;\">(Rigaku Corporation, Tokio, Japan)<\/span><\/i><span style=\"font-weight: 400;\"> \u2013 X-ray diffractometer (XRD)<\/span><\/li>\n<li style=\"font-weight: 400;\" aria-level=\"1\"><b>G4 ICARUS <\/b><i><span style=\"font-weight: 400;\">(BRUKER, Billerica, USA)<\/span><\/i><span style=\"font-weight: 400;\"> \u2013 carbon and sulphur analyser<\/span><\/li>\n<li style=\"font-weight: 400;\" aria-level=\"1\"><b>G8 GALILEO<\/b> <i><span style=\"font-weight: 400;\">(BRUKER, Billerica, USA<\/span><\/i><span style=\"font-weight: 400;\">) \u2013 oxygen, hydrogen and nitrogen analyzer<\/span><\/li>\n<li style=\"font-weight: 400;\" aria-level=\"1\"><b>SPECTRO XEPOS <\/b><i><span style=\"font-weight: 400;\">(METEK, Kleve, Germany<\/span><\/i><span style=\"font-weight: 400;\"> \u2013 Energy dispersive X-ray fluorescence spectrometer (ED-XRF)<\/span><\/li>\n<li style=\"font-weight: 400;\" aria-level=\"1\"><b>Q150R ES <\/b><i><span style=\"font-weight: 400;\">(Quorum, Laughton, Great Britain)<\/span><\/i><span style=\"font-weight: 400;\"> \u2013 low vacuum sputter<\/span><\/li>\n<li style=\"font-weight: 400;\" aria-level=\"1\"><b>LEICA EM CPD300 <\/b><i><span style=\"font-weight: 400;\">(Leica, Wetzlar, Germany)<\/span><\/i><span style=\"font-weight: 400;\"> \u2013 critical point dryer<\/span><\/li>\n<li style=\"font-weight: 400;\" aria-level=\"1\"><b>MultiTest 1-i <\/b><i><span style=\"font-weight: 400;\">(Mecmesin, Slinfold, Great Britain)<\/span><\/i><span style=\"font-weight: 400;\"> \u2013 testing machine<\/span><\/li>\n<li style=\"font-weight: 400;\" aria-level=\"1\"><b>INSTRON 3384 <\/b><i><span style=\"font-weight: 400;\">(INSTRON, Norwood, USA)<\/span><\/i><span style=\"font-weight: 400;\"> \u2013 testing machine with extensometer<\/span><\/li>\n<li style=\"font-weight: 400;\" aria-level=\"1\"><b>INSTRON 8872 <\/b><i><span style=\"font-weight: 400;\">(INSTRON, Norwood, USA)<\/span><\/i><span style=\"font-weight: 400;\"> \u2013 testing machine with a chamber -150\u00b0C to 600\u00b0C<\/span><\/li>\n<li style=\"font-weight: 400;\" aria-level=\"1\"><b>HELOS H3776, RODOS\/T4\/R4 <\/b><i><span style=\"font-weight: 400;\">(Sympatec GmbH, Clausthal-Zellerfeld, Germany)<\/span><\/i><span style=\"font-weight: 400;\"> \u2013 laser diffractometer for powder fraction distribution<\/span><\/li>\n<li style=\"font-weight: 400;\" aria-level=\"1\"><b>GranuDrum <\/b><i><span style=\"font-weight: 400;\">(Granutools, Awans, Belgium)<\/span><\/i><span style=\"font-weight: 400;\"> \u2013 drum analyzer for dynamic flow determination<\/span><\/li>\n<li aria-level=\"1\"><strong>FT4<\/strong> (Freeman Technology, Tewkesbury, Wielka Brytania) &#8211; reometr do pomiaru sypko\u015bci proszku w warunkach dynamicznych<\/li>\n<li style=\"font-weight: 400;\" aria-level=\"1\"><b>Flow Meter SLM-powder <\/b><i><span style=\"font-weight: 400;\">(SLM Solutions Group AG, Lubeka, Germany)<\/span><\/i><span style=\"font-weight: 400;\"> \u2013 Hall funnel for static flow determination<\/span><\/li>\n<li style=\"font-weight: 400;\" aria-level=\"1\"><b>Exemplar Plus BTC655N-ST <\/b><i><span style=\"font-weight: 400;\">(B&amp;W Tek, Newark, USA)<\/span><\/i><span style=\"font-weight: 400;\"> \u2013 laser absorption spectrophotometer<\/span><\/li>\n<li style=\"font-weight: 400;\" aria-level=\"1\"><span style=\"font-weight: 400;\"><strong>MTS3000 \u2013 Restan<\/strong> (<em>SINT TECHNOLOGY SRL, Calenzano (FI), Italy<\/em>) &#8211; self-stress test system in accordance with ASTM E837<\/span><\/li>\n<li style=\"font-weight: 400;\" aria-level=\"1\"><span style=\"font-weight: 400;\"><strong>ZHV\u03bc-A<\/strong> (<em>Zwick-Roell, Leominster, Great Britain<\/em>) \u2013 Microhardness tester for Vickers and Knoop methods from 10 &#8211; 2000 g, determined according to EN ISO 6507, ISO 4545<\/span><\/li>\n<li style=\"font-weight: 400;\" aria-level=\"1\"><span style=\"font-weight: 400;\"><strong>Wilson Wolpert 432SVD<\/strong> (<em>Buehler Worldwide HQ, Lake Bluff, Illinois, USA<\/em>) \u2013 Allows fully automatic Vickers hardness measurements from 0.3 &#8211; 30 kg<\/span><\/li>\n<li style=\"font-weight: 400;\" aria-level=\"1\"><strong>PARSTAT 4000<\/strong> (Ametek, USA) <span style=\"font-weight: 400;\">&#8211; potentiostat \/ galvanostat having a three-electrode measuring system with VersaStudio and Nova software<\/span><\/li>\n<li aria-level=\"1\"><strong>Mflow<\/strong> (Zwick-Roell, Leominster, Wielka Brytania) &#8211; plastometr do wyznaczania wska\u017anika szybko\u015bci p\u0142yni\u0119cia (MFR, MVR)<\/li>\n<\/ul>\n\n\n<h3 class=\"wp-block-heading\"><strong>Non-destructive testing<\/strong><\/h3>\n\n\n<ul>\n<li><b>Phoenix v|tome|x m 300 <\/b><i>(GE Sensing &amp; Inspection Technologies GmbH, Wunstorf, Germany)<\/i> \u2013 technical computed tomograph with focused nano\/micro beam &#8211; metrology version<\/li>\n<li><strong>METROTOM 1500 ZEISS<\/strong> (<i>CARL ZEISS, Oberkochen, Germany<\/i>) \u2013 technical tomograph with focused micro-beam<\/li>\n<li><strong>Datos 2.7.2, METROTOM OS<\/strong> &#8211; dedicated software for the reconstruction of tomographic data<\/li>\n<li><strong>VG Studio MAX 3.3<\/strong> (<em>Volume Graphics GmbH, Heidelberg, Germany<\/em>) \u2013 dedicated software for visualization and analysis of tomographic data (analysis of porosity, inclusions, foams, fibers, reverse engineering, coordinate measurements, numerical simulations)<\/li>\n<li><strong>Mimics Materialise<\/strong>, <strong>Geomagic<\/strong>, <strong>GOM Inspect<\/strong>, <strong>ImageJ<\/strong> \u2013 software for volumetric data analysis and processing<\/li>\n<\/ul>\n\n\n<h3 class=\"wp-block-heading\"><strong>Machining<\/strong><\/h3>\n\n\n<ul>\n<li><span style=\"font-weight: 400;\"><strong>DMG Mori CLX 350 V5<\/strong> (DMG Mori, Nagoja, Japan) \u2013 Mill-turn lathe<\/span><\/li>\n<li><span style=\"font-weight: 400;\"><strong>Hermle B300U<\/strong> (Hermle, Gosheim, Germany) \u2013 5-axis milling center<\/span><\/li>\n<li><span style=\"font-weight: 400;\"><strong>Hermle C20U Laser Hybrid<\/strong> (Hermle, Gosheim, Germany) \u2013 hybrid 5-axis milling center<\/span><\/li>\n<\/ul>\n\n\n<h3 class=\"wp-block-heading\"><strong>Heat treatment<\/strong><\/h3>\n\n\n<ul>\n<li style=\"font-weight: 400;\" aria-level=\"2\"><b>TAV H3-S 1600 <\/b><i><span style=\"font-weight: 400;\">(TAV Vacuum Furnaces SPA, Caravaggio, Italy)<\/span><\/i><span style=\"font-weight: 400;\"> \u2013 vacuum high-temperature furnace<\/span><\/li>\n<li style=\"font-weight: 400;\" aria-level=\"2\"><b style=\"font-size: inherit;\">Czylok<\/b><span style=\"font-weight: 400;\"> (Poland) &#8211; laboratory furnace<\/span><\/li>\n<\/ul>\n\n\n<h3 class=\"wp-block-heading\"><strong>Laser technologies<\/strong><\/h3>\n\n\n<ul>\n<li style=\"font-weight: 400;\" aria-level=\"1\"><b>TalySurf CCI 6000 <\/b><span style=\"font-weight: 400;\">(<\/span><i><span style=\"font-weight: 400;\">Taylor Hobson, Leicester, Great Britain<\/span><\/i><span style=\"font-weight: 400;\">) &#8211; interferometr \u015bwiat\u0142a bia\u0142ego<\/span><\/li>\n<li style=\"font-weight: 400;\" aria-level=\"1\"><b>Duetto laser system <\/b><span style=\"font-weight: 400;\">(<\/span><i><span style=\"font-weight: 400;\">Lumentum, San Jose, USA<\/span><\/i><span style=\"font-weight: 400;\">) &#8211; Picosecond Nd:Y VO4 laser (1064\/532\/355 nm)<\/span><\/li>\n<li style=\"font-weight: 400;\" aria-level=\"1\"><b style=\"font-size: inherit;\">YLR-1000-WC <\/b><span style=\"font-weight: 400;\">(<\/span><i style=\"font-size: inherit;\">IPG, Oxford, USA<\/i><span style=\"font-weight: 400;\">) &#8211; Single-mode laser 1kW with FLW D30 head<\/span><\/li>\n<\/ul>\n\n\n<h3 class=\"wp-block-heading\"><strong>Optical and Vision Measurement Equipment<\/strong><\/h3>\n\n\n<ul>\n<li style=\"font-weight: 400;\" aria-level=\"1\"><b>Blackfly S BFS-PGE-51S5P-C<\/b><span style=\"font-weight: 400;\"> (<\/span><i><span style=\"font-weight: 400;\">FLIR, Wilsonville, USA<\/span><\/i><span style=\"font-weight: 400;\">) &#8211; polarizing camera<\/span><\/li>\n<li style=\"font-weight: 400;\" aria-level=\"1\"><b>HR4000<\/b><span style=\"font-weight: 400;\"> (<\/span><i><span style=\"font-weight: 400;\">Ocean Insight, Orlando, USA<\/span><\/i><span style=\"font-weight: 400;\">) &#8211; UV-VIS-NIR spectrometer &#8211; 200-1100 nm<\/span><\/li>\n<li style=\"font-weight: 400;\" aria-level=\"1\"><b>NIRQuest<\/b><span style=\"font-weight: 400;\"> (<\/span><i><span style=\"font-weight: 400;\">Ocean Insight, Orlando, USA<\/span><\/i><span style=\"font-weight: 400;\">) &#8211; NIR spectrometer &#8211; 900-2200 nm<\/span><\/li>\n<li style=\"font-weight: 400;\" aria-level=\"1\"><b>LJ-V7020<\/b><span style=\"font-weight: 400;\"> (<\/span><i><span style=\"font-weight: 400;\">Keyence, Osaka, Japan<\/span><\/i><span style=\"font-weight: 400;\">) &#8211; laser triangulation head<\/span><\/li>\n<li style=\"font-weight: 400;\" aria-level=\"1\"><b style=\"font-size: inherit;\">LJ-V7060<\/b><span style=\"font-weight: 400;\"> (<\/span><i style=\"font-size: inherit;\">Keyence, Osaka, Japan<\/i><span style=\"font-weight: 400;\">) &#8211; laser triangulation head<\/span><\/li>\n<\/ul>\n\n\n<h3 class=\"wp-block-heading\"><strong>Automation and robotics apparatus<\/strong><\/h3>\n\n\n\n<h4 class=\"wp-block-heading\"><strong>Industrial robots<\/strong><\/h4>\n\n\n<ul>\n<li style=\"font-weight: 400;\" aria-level=\"2\"><span style=\"font-weight: 400;\">Mitsubishi RV 3AL<\/span><\/li>\n<li style=\"font-weight: 400;\" aria-level=\"2\"><span style=\"font-weight: 400;\">Toshiba THL700<\/span><\/li>\n<li style=\"font-weight: 400;\" aria-level=\"2\">KUKA KR60HA integrated with KUKA KP2-HV two-axis positioner<\/li>\n<li style=\"font-weight: 400;\" aria-level=\"2\"><span style=\"font-weight: 400;\">Kawasaki R007L<\/span><\/li>\n<li style=\"font-weight: 400;\" aria-level=\"2\"><span style=\"font-weight: 400;\">EPSON LS6<\/span><\/li>\n<li style=\"font-weight: 400;\" aria-level=\"2\"><span style=\"font-weight: 400;\">EPSON VT6<\/span><\/li>\n<\/ul>\n\n\n<h4 class=\"wp-block-heading\"><strong>Collaborative robots<\/strong><\/h4>\n\n\n<ul>\n<li style=\"font-weight: 400;\" aria-level=\"2\"><span style=\"font-weight: 400;\">Universal Robots UR10<\/span><\/li>\n<li style=\"font-weight: 400;\" aria-level=\"2\"><span style=\"font-weight: 400;\">ABB YuMi<\/span><\/li>\n<\/ul>\n\n\n<h4 class=\"wp-block-heading\"><strong>Mobile robots<\/strong><\/h4>\n\n\n<ul>\n<li><span style=\"font-weight: 400;\">Mobile Industrial Robots MiR100<\/span><\/li>\n<\/ul>\n\n\n<h4 class=\"wp-block-heading\"><strong>Vision systems (integration with robots)<\/strong><\/h4>\n\n\n<ul>\n<li style=\"font-weight: 400;\" aria-level=\"2\"><span style=\"font-weight: 400;\">RobotiQ<\/span><\/li>\n<li style=\"font-weight: 400;\" aria-level=\"2\"><span style=\"font-weight: 400;\">EPSON<\/span><\/li>\n<li style=\"font-weight: 400;\" aria-level=\"2\"><span style=\"font-weight: 400;\">Balluff<\/span><\/li>\n<li style=\"font-weight: 400;\" aria-level=\"2\">Bosch Pallet Conveyor System with Distributed Control<\/li>\n<li style=\"font-weight: 400;\" aria-level=\"2\">High-speed electro-spindles with GMN control and cooling (20\/60\/105 thousand rpm)<\/li>\n<\/ul>\n\n\n<h4 class=\"wp-block-heading\"><strong>PLCs<\/strong><\/h4>\n\n\n<ul>\n<li style=\"font-weight: 400;\" aria-level=\"2\"><span style=\"font-weight: 400;\">Siemens<\/span><\/li>\n<li style=\"font-weight: 400;\" aria-level=\"2\"><span style=\"font-weight: 400;\">Phoenix Contact<\/span><\/li>\n<li style=\"font-weight: 400;\" aria-level=\"2\"><span style=\"font-weight: 400;\">ASTRAADA ONE<\/span><\/li>\n<li style=\"font-weight: 400;\" aria-level=\"2\"><span style=\"font-weight: 400;\">Beckhoff<\/span><\/li>\n<\/ul>\n\n\n<h4 class=\"wp-block-heading\"><strong>Analyses<\/strong><\/h4>\n\n\n<ul>\n<li style=\"font-weight: 400;\" aria-level=\"2\"><span style=\"font-weight: 400;\">GOM ARAMIS<\/span><\/li>\n<li style=\"font-weight: 400;\" aria-level=\"2\">High Speed Laser Scanner SICK LMS400<\/li>\n<\/ul>\n\n\n<h4 class=\"wp-block-heading\">Integration of the Industrial Internet of Things IIoT using<\/h4>\n\n\n<ul>\n<li style=\"font-weight: 400;\" aria-level=\"2\"><span style=\"font-weight: 400;\">IO-Link<\/span><\/li>\n<li style=\"font-weight: 400;\" aria-level=\"2\"><span style=\"font-weight: 400;\">OPC-UA<\/span><\/li>\n<li style=\"font-weight: 400;\" aria-level=\"2\"><span style=\"font-weight: 400;\">MQTT<\/span><\/li>\n<li style=\"font-weight: 400;\" aria-level=\"2\"><span style=\"font-weight: 400;\">RES<\/span><\/li>\n<\/ul>\n\n\n<h4 class=\"wp-block-heading\">Technology demonstrators<\/h4>\n\n\n<ul>\n<li style=\"font-weight: 400;\" aria-level=\"2\">\n<div class=\" copy-paste-block\">Pallet transport system &#8211; Bosch transport system with a distributed control system<\/div>\n<\/li>\n<li style=\"font-weight: 400;\" aria-level=\"2\">\n<div class=\" copy-paste-block\">Model Factory &#8211; industry 4.0 technology demonstrator at Digital Innovation Hub Wroc\u0142aw<\/div>\n<\/li>\n<\/ul>","protected":false},"excerpt":{"rendered":"<p>Additive technologies (metals) SLM 280 2.0 Dual (SLM Solutions, Lubeka, Niemcy) \u2013 L-PBF system SLM 250 (Realizer, Borchen, Niemcy) \u2013 L-PBF system SLM 50 (Realizer, Borchen, Niemcy) \u2013 L-PBF system &#8230;<\/p>\n","protected":false},"author":4,"featured_media":0,"parent":0,"menu_order":0,"comment_status":"closed","ping_status":"closed","template":"template-fullwidth.php","meta":{"footnotes":""},"class_list":["post-1934","page","type-page","status-publish","hentry"],"_links":{"self":[{"href":"https:\/\/www.camt.pl\/index.php\/wp-json\/wp\/v2\/pages\/1934","targetHints":{"allow":["GET"]}}],"collection":[{"href":"https:\/\/www.camt.pl\/index.php\/wp-json\/wp\/v2\/pages"}],"about":[{"href":"https:\/\/www.camt.pl\/index.php\/wp-json\/wp\/v2\/types\/page"}],"author":[{"embeddable":true,"href":"https:\/\/www.camt.pl\/index.php\/wp-json\/wp\/v2\/users\/4"}],"replies":[{"embeddable":true,"href":"https:\/\/www.camt.pl\/index.php\/wp-json\/wp\/v2\/comments?post=1934"}],"version-history":[{"count":11,"href":"https:\/\/www.camt.pl\/index.php\/wp-json\/wp\/v2\/pages\/1934\/revisions"}],"predecessor-version":[{"id":2410,"href":"https:\/\/www.camt.pl\/index.php\/wp-json\/wp\/v2\/pages\/1934\/revisions\/2410"}],"wp:attachment":[{"href":"https:\/\/www.camt.pl\/index.php\/wp-json\/wp\/v2\/media?parent=1934"}],"curies":[{"name":"wp","href":"https:\/\/api.w.org\/{rel}","templated":true}]}}