{"id":2181,"date":"2021-08-02T12:11:43","date_gmt":"2021-08-02T10:11:43","guid":{"rendered":"https:\/\/www.camt.pl\/?page_id=2181"},"modified":"2024-08-06T09:48:10","modified_gmt":"2024-08-06T07:48:10","slug":"branza-obronna","status":"publish","type":"page","link":"https:\/\/www.camt.pl\/index.php\/pl\/branza-obronna\/","title":{"rendered":"Przemys\u0142 obronny"},"content":{"rendered":"<h5>Projekty z przemys\u0142u obronnego zrealizaowane w jednostce<\/h5>\n<hr \/>\n<h3>2024<\/h3>\n<div class=\"bg-margin-for-link\"><input type='hidden' bg_collapse_expand='69e0e6bfcbb742055672513' value='69e0e6bfcbb742055672513'><input type='hidden' id='bg-show-more-text-69e0e6bfcbb742055672513' value='ADditive ManufacturIng of composite based fire Resistant mAterials for stealth, Ballistic Lightweight armorEd structures'><input type='hidden' id='bg-show-less-text-69e0e6bfcbb742055672513' value='ADditive ManufacturIng of composite based fire Resistant mAterials for stealth, Ballistic Lightweight armorEd structures'><a id='bg-showmore-action-69e0e6bfcbb742055672513' class='bg-showmore-plg-link bg-zoom '  style=\" color:#4a4949;;\" href='#'>ADditive ManufacturIng of composite based fire Resistant mAterials for stealth, Ballistic Lightweight armorEd structures<\/a><div id='bg-showmore-hidden-69e0e6bfcbb742055672513' ><\/p>\n<p><span style=\"font-weight: 400\"><strong>Akronim<\/strong>: ADMIRABLE<\/span><\/p>\n<p><strong>Lider<\/strong><em><strong>:<\/strong><\/em> NAVANTIA S.A.<\/p>\n<p><strong>Partnerzy: <\/strong>Fincantieri Spa, Fraunhofer Iapt, Fidamc, Gradel Sarl, Istituto Italiano Della Saldatura Associazione, Micromag 2000, Cy.R.I.C Cyprus Research And Innovation Center Ltd, <strong>Politechnika Wroc\u0142awska<\/strong><\/p>\n<p><strong>Lata realizacji<\/strong>: 2024 &#8211; 2027<\/p>\n<p><strong>Finansowanie<\/strong>: EUROPEAN DEFENCE FUND (EDF) 2023<\/p>\n<p style=\"text-align: justify\"><span style=\"font-weight: 400\"><strong>Cel projektu: <\/strong>Oczekiwanym efektem projektu jest zwi\u0119kszenie zdolno\u015bci operacyjnych okr\u0119t\u00f3w wojennych, czyni\u0105c je niewidzialnymi, przy jednoczesnej poprawie ich w\u0142asnych zdolno\u015bci wykrywania, b\u0119d\u0105c jednocze\u015bnie bezpieczniejszymi, bardziej wydajnymi i zr\u00f3wnowa\u017conymi. W tym celu projekt ADMIRABLE toruje drog\u0119 produkcji okr\u0119t\u00f3w obronnych nowej generacji, badaj\u0105c prze\u0142omowe mo\u017cliwo\u015bci oferowane przez zaawansowane technologie produkcyjne i najbardziej obiecuj\u0105ce zaawansowane materia\u0142y kompozytowe.<br \/>\nPodsumowuj\u0105c wyzwanie projektu, b\u0119dzie on koncentrowa\u0142 si\u0119 na jednoczesnej poprawie wydajno\u015bci najbardziej wra\u017cliwych kwestii dla przysz\u0142ych marynarek wojennych: redukcji rozmiaru, wagi, mocy i koszt\u00f3w (SWaP-C) przy jednoczesnej poprawie transparentno\u015bci na pasma elektromagnetyczne (widzialne, podczerwone, radarowe), odporno\u015bci na ogie\u0144 i temperatur\u0119 i ochrony balistycznej. Takie cele b\u0119d\u0105 realizowane poprzez projektowanie nowych lekkich, wielofunkcyjnych materia\u0142\u00f3w na kluczowe cz\u0119\u015bci okr\u0119tu. Oczekuje si\u0119, \u017ce nowe materia\u0142y uzyskane z propozycji ADMIRABLE b\u0119dzie w stanie zasadniczo spe\u0142ni\u0107 r\u00f3\u017cne wymagania wysokiego szczebla (HLR) okre\u015blone przez marynarki wojenne UE i ich stocznie.<strong><br \/>\n<\/strong><\/span><\/p>\n<p><\/div><\/div>\n<hr \/>\n<h3>2012<\/h3>\n<div class=\"bg-margin-for-link\"><input type='hidden' bg_collapse_expand='69e0e6bfcbcdf7039018301' value='69e0e6bfcbcdf7039018301'><input type='hidden' id='bg-show-more-text-69e0e6bfcbcdf7039018301' value='Opracowanie, wykonanie i badania Zintegrowanego Systemu Kierowania Akcja Ratownicza z wykorzystaniem innowacyjnych technologii Rapid Manufacturing'><input type='hidden' id='bg-show-less-text-69e0e6bfcbcdf7039018301' value='Opracowanie, wykonanie i badania Zintegrowanego Systemu Kierowania Akcja Ratownicza z wykorzystaniem innowacyjnych technologii Rapid Manufacturing'><a id='bg-showmore-action-69e0e6bfcbcdf7039018301' class='bg-showmore-plg-link bg-zoom '  style=\" color:#4a4949;;\" href='#'>Opracowanie, wykonanie i badania Zintegrowanego Systemu Kierowania Akcja Ratownicza z wykorzystaniem innowacyjnych technologii Rapid Manufacturing<\/a><div id='bg-showmore-hidden-69e0e6bfcbcdf7039018301' ><\/p>\n<p><span style=\"font-weight: 400\"><strong>Akronim<\/strong>: ZSKAR<\/span><\/p>\n<p><strong>Lider<\/strong><em><strong>:<\/strong><\/em> Politechnika Wroc\u0142awska<\/p>\n<p><strong>Partnerzy: <span style=\"font-weight: 400\">Korporacja Wsch\u00f3d Sp. z o. o.<\/span><\/strong><\/p>\n<p><strong>Lata realizacji<\/strong>: 2012 &#8211; 2016<\/p>\n<p><strong>Finansowanie<\/strong>: <span style=\"font-weight: 400\">NCBR &#8211; PBS 1<\/span><\/p>\n<p style=\"text-align: justify\"><span style=\"font-weight: 400\"><strong>Cel projektu:<\/strong>Celem projektu by\u0142o opracowanie i przetestowanie w warunkach laboratoryjnych i morskich wytworzonego za pomoc\u0105 innowacyjnych technologii Rapid Manufacturing (technologii szybkiego prototypowania) modelu zintegrowanego systemu kierowania akcj\u0105 (ZSKA) oraz modelu oprogramowania specjalistycznego, integruj\u0105cego ten system z girostabilizowanym morskim systemem monitoringu i innymi urz\u0105dzeniami nawigacyjnymi statku.<\/span><\/p>\n<p><img loading=\"lazy\" decoding=\"async\" class=\"alignnone size-full wp-image-2193\" src=\"http:\/\/www.camt.pl\/wp-content\/uploads\/2021\/08\/ZSKAR-scaled.jpg\" alt=\"\" width=\"2560\" height=\"635\" srcset=\"https:\/\/www.camt.pl\/wp-content\/uploads\/2021\/08\/ZSKAR-scaled.jpg 2560w, https:\/\/www.camt.pl\/wp-content\/uploads\/2021\/08\/ZSKAR-300x74.jpg 300w, https:\/\/www.camt.pl\/wp-content\/uploads\/2021\/08\/ZSKAR-1024x254.jpg 1024w, https:\/\/www.camt.pl\/wp-content\/uploads\/2021\/08\/ZSKAR-768x190.jpg 768w, https:\/\/www.camt.pl\/wp-content\/uploads\/2021\/08\/ZSKAR-1536x381.jpg 1536w, https:\/\/www.camt.pl\/wp-content\/uploads\/2021\/08\/ZSKAR-2048x508.jpg 2048w\" sizes=\"auto, (max-width: 2560px) 100vw, 2560px\" \/><\/p>\n<p><span style=\"font-weight: 400\">Obraz widoku obiektu (pracownik na rusztowaniu) w skali normalnej,\u00a0 widok z kamery termograficznej i obraz z kamery termograficznej w powi\u0119kszeniu maksymalnym<\/span><\/p>\n<p><\/div><\/div>\n<hr \/>\n<h3>2011<\/h3>\n<div class=\"bg-margin-for-link\"><input type='hidden' bg_collapse_expand='69e0e6bfcbe137029701070' value='69e0e6bfcbe137029701070'><input type='hidden' id='bg-show-more-text-69e0e6bfcbe137029701070' value='Opracowanie metody replikacji \u015blad\u00f3w kryminalistycznych'><input type='hidden' id='bg-show-less-text-69e0e6bfcbe137029701070' value='Opracowanie metody replikacji \u015blad\u00f3w kryminalistycznych'><a id='bg-showmore-action-69e0e6bfcbe137029701070' class='bg-showmore-plg-link bg-zoom '  style=\" color:#4a4949;;\" href='#'>Opracowanie metody replikacji \u015blad\u00f3w kryminalistycznych<\/a><div id='bg-showmore-hidden-69e0e6bfcbe137029701070' ><\/p>\n<p><span style=\"font-weight: 400\"><strong>Akronim<\/strong>: Replika<\/span><\/p>\n<p><strong>Lider<\/strong><em><strong>:<\/strong><\/em> Politechnika Wroc\u0142awska<\/p>\n<p><strong>Partnerzy: <span style=\"font-weight: 400\">Centralne Laboratorium Kryminalistyczne Policji &#8211; Instytut badawczy (CLKP); firma Stanimex Sp.j.<\/span><\/strong><\/p>\n<p><strong>Lata realizacji<\/strong>: 2011 &#8211; 2014<\/p>\n<p><strong>Finansowanie<\/strong>: <span style=\"font-weight: 400\">NCBR &#8211; nr O ROB 0019 01\/ID 19\/1 w ramach konkursu nr 1\/2011 na wykonanie projekt\u00f3w w zakresie bada\u0144 naukowych lub prac rozwojowych na rzecz obronno\u015bci i bezpiecze\u0144stwa pa\u0144stwa<\/span><\/p>\n<p style=\"text-align: justify\"><span style=\"font-weight: 400\"><strong>Cel projektu:<\/strong>\u00a0W wyniku projektu powsta\u0142a technologia powielania \u015blad\u00f3w kryminalistycznych pozwalaj\u0105cej na dok\u0142adne ich odtworzenie, co stanowi cel projektu. Powsta\u0142a w ten spos\u00f3b metoda replikacji b\u0119dzie wykorzystywana przede wszystkim do wykonywania modeli \u0142usek i pocisk\u00f3w, ale mo\u017ce by\u0107 r\u00f3wnie\u017c zastosowana do replikacji innych \u015blad\u00f3w o podobnych parametrach (np. mechanoskopijnych). Zachowanie parametr\u00f3w optycznych powierzchni powielanych \u015blad\u00f3w (np. metalicznego po\u0142ysku) u\u0142atwi prac\u0119 ekspert\u00f3w oraz umo\u017cliwi zautomatyzowane przeszukiwanie w bazach system\u00f3w identyfikacji broni funkcjonuj\u0105cych w wi\u0119kszo\u015bci kraj\u00f3w Unii Europejskiej.<\/span><\/p>\n<p style=\"text-align: justify\"><span style=\"font-weight: 400\">Oczekuje si\u0119 \u017ce technologia ta mo\u017ce r\u00f3wnie\u017c znale\u017a\u0107 zastosowanie w badaniach bieg\u0142o\u015bci przez por\u00f3wnania mi\u0119dzylaboratoryjne, dzi\u0119ki kt\u00f3rym zwielokrotniony materia\u0142 badawczy b\u0119dzie m\u00f3g\u0142 by\u0107 analizowany jednocze\u015bnie w kilkunastu laboratoriach.<\/span><\/p>\n<p><img loading=\"lazy\" decoding=\"async\" class=\"alignnone size-full wp-image-2192\" src=\"http:\/\/www.camt.pl\/wp-content\/uploads\/2021\/08\/Kryminalny_r1-scaled.jpg\" alt=\"\" width=\"2560\" height=\"635\" srcset=\"https:\/\/www.camt.pl\/wp-content\/uploads\/2021\/08\/Kryminalny_r1-scaled.jpg 2560w, https:\/\/www.camt.pl\/wp-content\/uploads\/2021\/08\/Kryminalny_r1-300x74.jpg 300w, https:\/\/www.camt.pl\/wp-content\/uploads\/2021\/08\/Kryminalny_r1-1024x254.jpg 1024w, https:\/\/www.camt.pl\/wp-content\/uploads\/2021\/08\/Kryminalny_r1-768x190.jpg 768w, https:\/\/www.camt.pl\/wp-content\/uploads\/2021\/08\/Kryminalny_r1-1536x381.jpg 1536w, https:\/\/www.camt.pl\/wp-content\/uploads\/2021\/08\/Kryminalny_r1-2048x508.jpg 2048w\" sizes=\"auto, (max-width: 2560px) 100vw, 2560px\" \/><\/p>\n<p><\/div><\/div>\n","protected":false},"excerpt":{"rendered":"<p>Projekty z przemys\u0142u obronnego zrealizaowane w jednostce 2024 2012 2011<\/p>\n","protected":false},"author":4,"featured_media":0,"parent":0,"menu_order":0,"comment_status":"closed","ping_status":"closed","template":"template-fullwidth.php","meta":{"footnotes":""},"class_list":["post-2181","page","type-page","status-publish","hentry"],"_links":{"self":[{"href":"https:\/\/www.camt.pl\/index.php\/wp-json\/wp\/v2\/pages\/2181","targetHints":{"allow":["GET"]}}],"collection":[{"href":"https:\/\/www.camt.pl\/index.php\/wp-json\/wp\/v2\/pages"}],"about":[{"href":"https:\/\/www.camt.pl\/index.php\/wp-json\/wp\/v2\/types\/page"}],"author":[{"embeddable":true,"href":"https:\/\/www.camt.pl\/index.php\/wp-json\/wp\/v2\/users\/4"}],"replies":[{"embeddable":true,"href":"https:\/\/www.camt.pl\/index.php\/wp-json\/wp\/v2\/comments?post=2181"}],"version-history":[{"count":5,"href":"https:\/\/www.camt.pl\/index.php\/wp-json\/wp\/v2\/pages\/2181\/revisions"}],"predecessor-version":[{"id":2458,"href":"https:\/\/www.camt.pl\/index.php\/wp-json\/wp\/v2\/pages\/2181\/revisions\/2458"}],"wp:attachment":[{"href":"https:\/\/www.camt.pl\/index.php\/wp-json\/wp\/v2\/media?parent=2181"}],"curies":[{"name":"wp","href":"https:\/\/api.w.org\/{rel}","templated":true}]}}