{"id":2328,"date":"2022-08-12T13:04:28","date_gmt":"2022-08-12T11:04:28","guid":{"rendered":"https:\/\/www.camt.pl\/?page_id=2328"},"modified":"2022-10-04T11:34:40","modified_gmt":"2022-10-04T09:34:40","slug":"nowe-materialy","status":"publish","type":"page","link":"https:\/\/www.camt.pl\/index.php\/pl\/nowe-materialy\/","title":{"rendered":"Nowe Materia\u0142y"},"content":{"rendered":"<h5>Projekty dot. rozwoju nowych materia\u0142\u00f3w zrealizowane w jednostce<\/h5>\n<hr \/>\n<h3>2023<\/h3>\n<div class=\"bg-margin-for-link\"><input type='hidden' bg_collapse_expand='69f8b0b3490fd0075098757' value='69f8b0b3490fd0075098757'><input type='hidden' id='bg-show-more-text-69f8b0b3490fd0075098757' value='W kierunku poprawy trwa\u0142o\u015bci zm\u0119czeniowej stopu Inconel 718 wytwarzanego przyrostowo poprzez rozdrobnienie ziarna in-situ w procesie topienia laserowego'><input type='hidden' id='bg-show-less-text-69f8b0b3490fd0075098757' value='W kierunku poprawy trwa\u0142o\u015bci zm\u0119czeniowej stopu Inconel 718 wytwarzanego przyrostowo poprzez rozdrobnienie ziarna in-situ w procesie topienia laserowego'><a id='bg-showmore-action-69f8b0b3490fd0075098757' class='bg-showmore-plg-link bg-zoom '  style=\" color:#4a4949;;\" href='#'>W kierunku poprawy trwa\u0142o\u015bci zm\u0119czeniowej stopu Inconel 718 wytwarzanego przyrostowo poprzez rozdrobnienie ziarna in-situ w procesie topienia laserowego<\/a><div id='bg-showmore-hidden-69f8b0b3490fd0075098757' ><\/p>\n<p><strong>Lider:<\/strong> Politechnika Wroc\u0142awska<\/p>\n<p><strong>Partnerzy:<\/strong> Fraunhofer IAPT (wyjazd badawczy)<\/p>\n<p><strong>Lata realizacji:<\/strong> 2023<\/p>\n<p><strong>Finansowanie:<\/strong> Narodowe Centrum Nauki, Miniatura 6<\/p>\n<p><strong>Cel projektu: <\/strong>Wykonanie pr\u00f3b technologicznych domieszkowania proszku superstopu na bazie niklu \u2013 Inconelu 718 \u2013 prowadz\u0105cych do modyfikacji krzepni\u0119cie stopu w procesie druku 3D metod\u0105 LPBF, wp\u0142ywaj\u0105c na jego krystalizacj\u0119 oraz wielko\u015b\u0107 ziarna po zakrzepni\u0119ciu. Celem bada\u0144 jest pr\u00f3ba poprawy trwa\u0142o\u015bci zm\u0119czeniowej stopu, wzgl\u0119dem tej obecnie uzyskiwanej dla \u201edrukowanego\u201d Inconelu 718.<\/p>\n<p><img loading=\"lazy\" decoding=\"async\" class=\"alignnone size-full wp-image-2385\" src=\"http:\/\/www.camt.pl\/wp-content\/uploads\/2022\/10\/In718Dopler-scaled.jpg\" alt=\"\" width=\"2560\" height=\"635\" srcset=\"https:\/\/www.camt.pl\/wp-content\/uploads\/2022\/10\/In718Dopler-scaled.jpg 2560w, https:\/\/www.camt.pl\/wp-content\/uploads\/2022\/10\/In718Dopler-300x74.jpg 300w, https:\/\/www.camt.pl\/wp-content\/uploads\/2022\/10\/In718Dopler-1024x254.jpg 1024w, https:\/\/www.camt.pl\/wp-content\/uploads\/2022\/10\/In718Dopler-768x190.jpg 768w, https:\/\/www.camt.pl\/wp-content\/uploads\/2022\/10\/In718Dopler-1536x381.jpg 1536w, https:\/\/www.camt.pl\/wp-content\/uploads\/2022\/10\/In718Dopler-2048x508.jpg 2048w\" sizes=\"auto, (max-width: 2560px) 100vw, 2560px\" \/><\/p>\n<p><\/div><\/div>\n<hr \/>\n<h3>2022<\/h3>\n<div class=\"bg-margin-for-link\"><input type='hidden' bg_collapse_expand='69f8b0b34921d5049344161' value='69f8b0b34921d5049344161'><input type='hidden' id='bg-show-more-text-69f8b0b34921d5049344161' value='Funkcjonalne powierzchnie narz\u0119dziowe z g\u0142adkimi pow\u0142okami diamentowymi do kszta\u0142towania blach aluminiowych bez zu\u017cycia narz\u0119dzi'><input type='hidden' id='bg-show-less-text-69f8b0b34921d5049344161' value='Funkcjonalne powierzchnie narz\u0119dziowe z g\u0142adkimi pow\u0142okami diamentowymi do kszta\u0142towania blach aluminiowych bez zu\u017cycia narz\u0119dzi'><a id='bg-showmore-action-69f8b0b34921d5049344161' class='bg-showmore-plg-link bg-zoom '  style=\" color:#4a4949;;\" href='#'>Funkcjonalne powierzchnie narz\u0119dziowe z g\u0142adkimi pow\u0142okami diamentowymi do kszta\u0142towania blach aluminiowych bez zu\u017cycia narz\u0119dzi<\/a><div id='bg-showmore-hidden-69f8b0b34921d5049344161' ><\/p>\n<p><span style=\"font-weight: 400\"><strong>Akronim<\/strong>: DiAlForm<\/span><\/p>\n<p><strong>Lider<\/strong><em><strong>:<\/strong><\/em> Bydgoski Klaster Przemys\u0142owy<\/p>\n<p><strong>Partnerzy: <\/strong>Fraunhofer IWU, Fraunhofer IST, Politechnika Wroc\u0142awska<\/p>\n<p><strong>Lata realizacji<\/strong>: 2022 &#8211; 2024<\/p>\n<p><strong>Finansowanie<\/strong>: CORNET 31<\/p>\n<p style=\"text-align: justify\"><span style=\"font-weight: 400\"><strong>Cel projektu:<\/strong> Celem projektu jest opracowanie technologii umo\u017cliwiaj\u0105cej zastosowanie diamentu HF-CVD na narz\u0119dziach formuj\u0105cych w po\u0142\u0105czeniu z miejscowym kondycjonowaniem powierzchni aktywnych cz\u0119\u015bci powierzchni narz\u0119dzia metod\u0105 obr\u00f3bki laserowej.<\/span><\/p>\n<p><img loading=\"lazy\" decoding=\"async\" class=\"alignnone wp-image-2334 size-full\" src=\"http:\/\/www.camt.pl\/wp-content\/uploads\/2022\/08\/DiAlForm.jpg\" alt=\"\" width=\"2560\" height=\"635\" srcset=\"https:\/\/www.camt.pl\/wp-content\/uploads\/2022\/08\/DiAlForm.jpg 2560w, https:\/\/www.camt.pl\/wp-content\/uploads\/2022\/08\/DiAlForm-300x74.jpg 300w, https:\/\/www.camt.pl\/wp-content\/uploads\/2022\/08\/DiAlForm-1024x254.jpg 1024w, https:\/\/www.camt.pl\/wp-content\/uploads\/2022\/08\/DiAlForm-768x191.jpg 768w, https:\/\/www.camt.pl\/wp-content\/uploads\/2022\/08\/DiAlForm-1536x381.jpg 1536w, https:\/\/www.camt.pl\/wp-content\/uploads\/2022\/08\/DiAlForm-2048x508.jpg 2048w\" sizes=\"auto, (max-width: 2560px) 100vw, 2560px\" \/><\/p>\n<p><\/div><\/div>\n<div class=\"bg-margin-for-link\"><input type='hidden' bg_collapse_expand='69f8b0b34932a2092369180' value='69f8b0b34932a2092369180'><input type='hidden' id='bg-show-more-text-69f8b0b34932a2092369180' value='Stopy nowej generacji na osnowie aluminium przetwarzane w procesie laserowej technologii przyrostowej do zastosowa\u0144 przemys\u0142owych'><input type='hidden' id='bg-show-less-text-69f8b0b34932a2092369180' value='Stopy nowej generacji na osnowie aluminium przetwarzane w procesie laserowej technologii przyrostowej do zastosowa\u0144 przemys\u0142owych'><a id='bg-showmore-action-69f8b0b34932a2092369180' class='bg-showmore-plg-link bg-zoom '  style=\" color:#4a4949;;\" href='#'>Stopy nowej generacji na osnowie aluminium przetwarzane w procesie laserowej technologii przyrostowej do zastosowa\u0144 przemys\u0142owych<\/a><div id='bg-showmore-hidden-69f8b0b34932a2092369180' ><\/p>\n<p><span style=\"font-weight: 400\"><strong>Akronim<\/strong>: AddAluMat<\/span><\/p>\n<p><strong>Lider<\/strong><em><strong>:<\/strong><\/em> Politechnika Wroc\u0142awska<\/p>\n<p><strong>Lata realizacji<\/strong>: 2022 \u2013 2025<\/p>\n<p><strong>Finansowanie<\/strong>: NCBR \u2013 XII Program Lider<\/p>\n<p style=\"text-align: justify\"><span style=\"font-weight: 400\"><strong>Cel projektu:<\/strong> W projekcie zostanie opracowana technologia przetwarzania funkcjonalnych stop\u00f3w aluminium (serii 5xxx) z wykorzystaniem technologii addytywnej laserowej mikrometalurgii proszk\u00f3w (LPBF) oraz ewentualnego zastosowania dodatk\u00f3w do proszk\u00f3w stop\u00f3w aluminium w celu otrzymania jednolitej struktury przetwarzanych obiekt\u00f3w wykorzystywanych w szerokim spektrum zastosowa\u0144 przemys\u0142owych. Wyselekcjonowana cz\u0119\u015b\u0107 demonstracyjna z wybranego przemys\u0142u (m.in. motoryzacyjnego i\/lub morskiego) zostanie poddana optymalizacji topologicznej, wytworzona w technologii LPBF. Cz\u0119\u015bci produkowane z tych stop\u00f3w b\u0119d\u0105 mog\u0142y s\u0142u\u017cy\u0107 jako cz\u0119\u015bci produkcyjne, ale te\u017c i cz\u0119\u015bci zamienne.<\/span><\/p>\n<p><img loading=\"lazy\" decoding=\"async\" class=\"alignnone wp-image-2337 size-full\" src=\"http:\/\/www.camt.pl\/wp-content\/uploads\/2022\/08\/AddAluMat.jpg\" alt=\"\" width=\"2560\" height=\"635\" srcset=\"https:\/\/www.camt.pl\/wp-content\/uploads\/2022\/08\/AddAluMat.jpg 2560w, https:\/\/www.camt.pl\/wp-content\/uploads\/2022\/08\/AddAluMat-300x74.jpg 300w, https:\/\/www.camt.pl\/wp-content\/uploads\/2022\/08\/AddAluMat-1024x254.jpg 1024w, https:\/\/www.camt.pl\/wp-content\/uploads\/2022\/08\/AddAluMat-768x191.jpg 768w, https:\/\/www.camt.pl\/wp-content\/uploads\/2022\/08\/AddAluMat-1536x381.jpg 1536w, https:\/\/www.camt.pl\/wp-content\/uploads\/2022\/08\/AddAluMat-2048x508.jpg 2048w\" sizes=\"auto, (max-width: 2560px) 100vw, 2560px\" \/><\/p>\n<p><\/div><\/div>\n<hr \/>\n<h3>2021<\/h3>\n<div class=\"bg-margin-for-link\"><input type='hidden' bg_collapse_expand='69f8b0b34941e5060432682' value='69f8b0b34941e5060432682'><input type='hidden' id='bg-show-more-text-69f8b0b34941e5060432682' value='Nanokompozyty in-situ na osnowie tytanowej umacniane cz\u0105stkami borku tytanu otrzymane z wykorzystaniem technologii addytywnej - Electron Beam Melting (EBM)'><input type='hidden' id='bg-show-less-text-69f8b0b34941e5060432682' value='Nanokompozyty in-situ na osnowie tytanowej umacniane cz\u0105stkami borku tytanu otrzymane z wykorzystaniem technologii addytywnej - Electron Beam Melting (EBM)'><a id='bg-showmore-action-69f8b0b34941e5060432682' class='bg-showmore-plg-link bg-zoom '  style=\" color:#4a4949;;\" href='#'>Nanokompozyty in-situ na osnowie tytanowej umacniane cz\u0105stkami borku tytanu otrzymane z wykorzystaniem technologii addytywnej - Electron Beam Melting (EBM)<\/a><div id='bg-showmore-hidden-69f8b0b34941e5060432682' ><\/p>\n<p><span style=\"font-weight: 400\"><strong>Akronim<\/strong>: &#8211;<\/span><\/p>\n<p><strong>Lider<\/strong><em><strong>:<\/strong><\/em> Politechnika Wroc\u0142awska<\/p>\n<p><strong>Lata realizacji<\/strong>: 2021 \u2013 2022<\/p>\n<p><strong>Finansowanie<\/strong>: Narodowe Centrum Nauki, Miniatura 5<\/p>\n<p style=\"text-align: justify\"><span style=\"font-weight: 400\"><strong>Cel projektu:<\/strong> G\u0142\u00f3wnym celem projektu jest otrzymanie nanokompozytu in-situ na osnowie tytanowej umacnianego cz\u0105stkami diborku tytanu z wykorzystaniem technologii addytywnej &#8211; Electron Beam Melting (EBM).<\/span><\/p>\n<p><\/div><\/div>\n<div class=\"bg-margin-for-link\"><input type='hidden' bg_collapse_expand='69f8b0b3495020070736826' value='69f8b0b3495020070736826'><input type='hidden' id='bg-show-more-text-69f8b0b3495020070736826' value='Struktura i w\u0142asno\u015bci stopu TZM przetwarzanego w technologii Selective Electron Beam Melting (SEBM)'><input type='hidden' id='bg-show-less-text-69f8b0b3495020070736826' value='Struktura i w\u0142asno\u015bci stopu TZM przetwarzanego w technologii Selective Electron Beam Melting (SEBM)'><a id='bg-showmore-action-69f8b0b3495020070736826' class='bg-showmore-plg-link bg-zoom '  style=\" color:#4a4949;;\" href='#'>Struktura i w\u0142asno\u015bci stopu TZM przetwarzanego w technologii Selective Electron Beam Melting (SEBM)<\/a><div id='bg-showmore-hidden-69f8b0b3495020070736826' ><\/p>\n<p><span style=\"font-weight: 400\"><strong>Akronim<\/strong>: &#8211;<\/span><\/p>\n<p><strong>Lider<\/strong><em><strong>:<\/strong><\/em> Politechnika Wroc\u0142awska<\/p>\n<p><strong>Lata realizacji<\/strong>: 2021 \u2013 2022<\/p>\n<p><strong>Finansowanie<\/strong>: Narodowe Centrum Nauki, Miniatura 5<\/p>\n<p style=\"text-align: justify\"><span style=\"font-weight: 400\"><strong>Cel projektu:<\/strong> Celem projektu jest okre\u015blenie zale\u017cno\u015bci pomi\u0119dzy parametrami procesu a struktur\u0105 i w\u0142asno\u015bciami stopu TZM przetwarzanego w SEBM. Na podstawie opracowanych zale\u017cno\u015bci mo\u017cliwym b\u0119dzie uzyskanie okre\u015blonych wynik\u00f3w przetwarzania stopu (okre\u015blona mikrostruktura, stopie\u0144 porowato\u015bci itd.), w przyj\u0119tym obszarze zmienno\u015bci wybranych parametr\u00f3w procesu.<\/span><\/p>\n<p><\/div><\/div>\n","protected":false},"excerpt":{"rendered":"<p>Projekty dot. rozwoju nowych materia\u0142\u00f3w zrealizowane w jednostce 2023 2022 2021<\/p>\n","protected":false},"author":4,"featured_media":0,"parent":0,"menu_order":0,"comment_status":"closed","ping_status":"closed","template":"template-fullwidth.php","meta":{"footnotes":""},"class_list":["post-2328","page","type-page","status-publish","hentry"],"_links":{"self":[{"href":"https:\/\/www.camt.pl\/index.php\/wp-json\/wp\/v2\/pages\/2328","targetHints":{"allow":["GET"]}}],"collection":[{"href":"https:\/\/www.camt.pl\/index.php\/wp-json\/wp\/v2\/pages"}],"about":[{"href":"https:\/\/www.camt.pl\/index.php\/wp-json\/wp\/v2\/types\/page"}],"author":[{"embeddable":true,"href":"https:\/\/www.camt.pl\/index.php\/wp-json\/wp\/v2\/users\/4"}],"replies":[{"embeddable":true,"href":"https:\/\/www.camt.pl\/index.php\/wp-json\/wp\/v2\/comments?post=2328"}],"version-history":[{"count":10,"href":"https:\/\/www.camt.pl\/index.php\/wp-json\/wp\/v2\/pages\/2328\/revisions"}],"predecessor-version":[{"id":2386,"href":"https:\/\/www.camt.pl\/index.php\/wp-json\/wp\/v2\/pages\/2328\/revisions\/2386"}],"wp:attachment":[{"href":"https:\/\/www.camt.pl\/index.php\/wp-json\/wp\/v2\/media?parent=2328"}],"curies":[{"name":"wp","href":"https:\/\/api.w.org\/{rel}","templated":true}]}}